{"id":705,"date":"2018-03-15T17:03:10","date_gmt":"2018-03-15T16:03:10","guid":{"rendered":"http:\/\/ollercontract.pruebasweb.com.es\/?page_id=705"},"modified":"2018-03-21T12:47:44","modified_gmt":"2018-03-21T11:47:44","slug":"decoracio-sector-contract","status":"publish","type":"page","link":"https:\/\/ollercontract.com\/ca\/decoracio-sector-contract\/","title":{"rendered":"Decoraci\u00f3 per al sector contract"},"content":{"rendered":"<div class=\"fusion-fullwidth fullwidth-box fusion-builder-row-1 nonhundred-percent-fullwidth non-hundred-percent-height-scrolling fusion-equal-height-columns\" style=\"--awb-border-radius-top-left:0px;--awb-border-radius-top-right:0px;--awb-border-radius-bottom-right:0px;--awb-border-radius-bottom-left:0px;--awb-margin-top:50px;--awb-margin-bottom:50px;--awb-flex-wrap:wrap;\" ><div class=\"fusion-builder-row fusion-row\"><div class=\"fusion-layout-column fusion_builder_column fusion-builder-column-0 fusion_builder_column_3_5 3_5 fusion-three-fifth fusion-column-first\" style=\"--awb-bg-size:cover;width:60%;width:calc(60% - ( ( 4% ) * 0.6 ) );margin-right: 4%;\"><div class=\"fusion-column-wrapper fusion-flex-column-wrapper-legacy\"><div class=\"fusion-text fusion-text-1\"><p>Oller Contract confecciona, subministra i instal\u2022la:<\/p>\n<ul>\n<li>Cortines a mida. <a href=\"https:\/\/ollercontract.com\/ca\/fabricants-de-cortines\/\">Veure galeria <i class=\"fa fa-share\"><\/i><\/a><\/li>\n<li>Paper pintat. <a href=\"https:\/\/ollercontract.com\/ca\/installadors-paper-pintat\/\">Veure galeria <i class=\"fa fa-share\"><\/i><\/a><\/li>\n<li>Parquet. <a href=\"https:\/\/ollercontract.com\/ca\/subministrament-parquet\/\">Veure galeria <i class=\"fa fa-share\"><\/i><\/a><\/li>\n<li>Motllures, cornises i s\u00f2cols. <a href=\"https:\/\/ollercontract.com\/ca\/cornises-decoratives\/\">Veure galeria <i class=\"fa fa-share\"><\/i><\/a><\/li>\n<li>Catifes.<\/li>\n<li>Pintura.<\/li>\n<li>Panells ac\u00fastics.<\/li>\n<\/ul>\n<p>I tots els subministraments que necessites per a fer realitat els teus projectes decoratius.<\/p>\n<p>Amb el valor afegit del nostre <strong>know how en el sector contract<\/strong>, gr\u00e0cies al qual podem avan\u00e7ar-nos a les teves necessitats i fer que l\u2019execuci\u00f3 dels teus projectes sigui m\u00e9s din\u00e0mica.<\/p>\n<\/div><div class=\"fusion-clearfix\"><\/div><\/div><\/div><div class=\"fusion-layout-column fusion_builder_column fusion-builder-column-1 fusion_builder_column_2_5 2_5 fusion-two-fifth fusion-column-last\" style=\"--awb-bg-size:cover;width:40%;width:calc(40% - ( ( 4% ) * 0.4 ) );\"><div class=\"fusion-column-wrapper fusion-flex-column-wrapper-legacy\"><div class=\"fusion-text fusion-text-2\"><p>Les millors marques equipen els millors projectes:<\/p>\n<\/div><div class=\"fusion-image-carousel fusion-image-carousel-auto fusion-image-carousel-1\"><div class=\"awb-carousel awb-swiper awb-swiper-carousel awb-carousel--carousel awb-swiper-dots-position-bottom\" data-layout=\"carousel\" data-autoplay=\"yes\" data-autoplayspeed=\"3500\" data-autoplaypause=\"no\" data-columns=\"1\" data-columnsmedium=\"1\" data-columnssmall=\"1\" data-itemmargin=\"15\" data-itemwidth=\"180\" data-touchscroll=\"drag\" data-freemode=\"no\" data-imagesize=\"auto\" data-scrollitems=\"0\" data-centeredslides=\"no\" data-rotationangle=\"50\" data-depth=\"100\" data-speed=\"500\" data-shadow=\"no\" data-pagination=\"bullets\" style=\"--awb-columns:1;--awb-column-spacing:15px;\"><div class=\"swiper-wrapper awb-image-carousel-wrapper fusion-flex-align-items-center\"><div class=\"swiper-slide\"><div class=\"fusion-carousel-item-wrapper\"><div class=\"fusion-image-wrapper hover-type-none\"><img decoding=\"async\" width=\"400\" height=\"259\" src=\"https:\/\/ollercontract.com\/wp-content\/uploads\/elitis.jpg\" class=\"attachment-full size-full\" alt=\"elitis\" srcset=\"https:\/\/ollercontract.com\/wp-content\/uploads\/elitis-200x130.jpg 200w, https:\/\/ollercontract.com\/wp-content\/uploads\/elitis-300x194.jpg 300w, https:\/\/ollercontract.com\/wp-content\/uploads\/elitis.jpg 400w\" sizes=\"(max-width: 400px) 100vw, 400px\" \/><\/div><\/div><\/div><div class=\"swiper-slide\"><div class=\"fusion-carousel-item-wrapper\"><div class=\"fusion-image-wrapper hover-type-none\"><img decoding=\"async\" width=\"400\" height=\"259\" src=\"https:\/\/ollercontract.com\/wp-content\/uploads\/flamant.jpg\" class=\"attachment-full size-full\" alt=\"flamant\" srcset=\"https:\/\/ollercontract.com\/wp-content\/uploads\/flamant-200x130.jpg 200w, https:\/\/ollercontract.com\/wp-content\/uploads\/flamant-300x194.jpg 300w, https:\/\/ollercontract.com\/wp-content\/uploads\/flamant.jpg 400w\" sizes=\"(max-width: 400px) 100vw, 400px\" \/><\/div><\/div><\/div><div class=\"swiper-slide\"><div class=\"fusion-carousel-item-wrapper\"><div class=\"fusion-image-wrapper hover-type-none\"><img decoding=\"async\" width=\"400\" height=\"259\" src=\"https:\/\/ollercontract.com\/wp-content\/uploads\/gaston-daniela.jpg\" class=\"attachment-full size-full\" alt=\"gaston-daniela\" srcset=\"https:\/\/ollercontract.com\/wp-content\/uploads\/gaston-daniela-200x130.jpg 200w, https:\/\/ollercontract.com\/wp-content\/uploads\/gaston-daniela-300x194.jpg 300w, https:\/\/ollercontract.com\/wp-content\/uploads\/gaston-daniela.jpg 400w\" sizes=\"(max-width: 400px) 100vw, 400px\" \/><\/div><\/div><\/div><div class=\"swiper-slide\"><div class=\"fusion-carousel-item-wrapper\"><div class=\"fusion-image-wrapper hover-type-none\"><img decoding=\"async\" width=\"400\" height=\"259\" src=\"https:\/\/ollercontract.com\/wp-content\/uploads\/jim-thompson.jpg\" class=\"attachment-full size-full\" alt=\"jim-thompson\" srcset=\"https:\/\/ollercontract.com\/wp-content\/uploads\/jim-thompson-200x130.jpg 200w, https:\/\/ollercontract.com\/wp-content\/uploads\/jim-thompson-300x194.jpg 300w, https:\/\/ollercontract.com\/wp-content\/uploads\/jim-thompson.jpg 400w\" sizes=\"(max-width: 400px) 100vw, 400px\" \/><\/div><\/div><\/div><div class=\"swiper-slide\"><div class=\"fusion-carousel-item-wrapper\"><div class=\"fusion-image-wrapper hover-type-none\"><img decoding=\"async\" width=\"400\" height=\"259\" src=\"https:\/\/ollercontract.com\/wp-content\/uploads\/kronoswiss.jpg\" class=\"attachment-full size-full\" alt=\"kronoswiss\" srcset=\"https:\/\/ollercontract.com\/wp-content\/uploads\/kronoswiss-200x130.jpg 200w, https:\/\/ollercontract.com\/wp-content\/uploads\/kronoswiss-300x194.jpg 300w, https:\/\/ollercontract.com\/wp-content\/uploads\/kronoswiss.jpg 400w\" sizes=\"(max-width: 400px) 100vw, 400px\" \/><\/div><\/div><\/div><div class=\"swiper-slide\"><div class=\"fusion-carousel-item-wrapper\"><div class=\"fusion-image-wrapper hover-type-none\"><img decoding=\"async\" width=\"400\" height=\"259\" src=\"https:\/\/ollercontract.com\/wp-content\/uploads\/meister.jpg\" class=\"attachment-full size-full\" alt=\"meister\" srcset=\"https:\/\/ollercontract.com\/wp-content\/uploads\/meister-200x130.jpg 200w, https:\/\/ollercontract.com\/wp-content\/uploads\/meister-300x194.jpg 300w, https:\/\/ollercontract.com\/wp-content\/uploads\/meister.jpg 400w\" sizes=\"(max-width: 400px) 100vw, 400px\" \/><\/div><\/div><\/div><div class=\"swiper-slide\"><div class=\"fusion-carousel-item-wrapper\"><div class=\"fusion-image-wrapper hover-type-none\"><img decoding=\"async\" width=\"400\" height=\"259\" src=\"https:\/\/ollercontract.com\/wp-content\/uploads\/orac.jpg\" class=\"attachment-full size-full\" alt=\"orac decor\" srcset=\"https:\/\/ollercontract.com\/wp-content\/uploads\/orac-200x130.jpg 200w, https:\/\/ollercontract.com\/wp-content\/uploads\/orac-300x194.jpg 300w, https:\/\/ollercontract.com\/wp-content\/uploads\/orac.jpg 400w\" sizes=\"(max-width: 400px) 100vw, 400px\" \/><\/div><\/div><\/div><div class=\"swiper-slide\"><div class=\"fusion-carousel-item-wrapper\"><div class=\"fusion-image-wrapper hover-type-none\"><img decoding=\"async\" width=\"400\" height=\"259\" src=\"https:\/\/ollercontract.com\/wp-content\/uploads\/pergo.jpg\" class=\"attachment-full size-full\" alt=\"pergo\" srcset=\"https:\/\/ollercontract.com\/wp-content\/uploads\/pergo-200x130.jpg 200w, https:\/\/ollercontract.com\/wp-content\/uploads\/pergo-300x194.jpg 300w, https:\/\/ollercontract.com\/wp-content\/uploads\/pergo.jpg 400w\" sizes=\"(max-width: 400px) 100vw, 400px\" \/><\/div><\/div><\/div><div class=\"swiper-slide\"><div class=\"fusion-carousel-item-wrapper\"><div class=\"fusion-image-wrapper hover-type-none\"><img decoding=\"async\" width=\"400\" height=\"259\" src=\"https:\/\/ollercontract.com\/wp-content\/uploads\/romo.jpg\" class=\"attachment-full size-full\" alt=\"romo\" srcset=\"https:\/\/ollercontract.com\/wp-content\/uploads\/romo-200x130.jpg 200w, https:\/\/ollercontract.com\/wp-content\/uploads\/romo-300x194.jpg 300w, https:\/\/ollercontract.com\/wp-content\/uploads\/romo.jpg 400w\" sizes=\"(max-width: 400px) 100vw, 400px\" \/><\/div><\/div><\/div><div class=\"swiper-slide\"><div class=\"fusion-carousel-item-wrapper\"><div class=\"fusion-image-wrapper hover-type-none\"><img decoding=\"async\" width=\"400\" height=\"259\" src=\"https:\/\/ollercontract.com\/wp-content\/uploads\/tavar.jpg\" class=\"attachment-full size-full\" alt=\"tavar\" srcset=\"https:\/\/ollercontract.com\/wp-content\/uploads\/tavar-200x130.jpg 200w, https:\/\/ollercontract.com\/wp-content\/uploads\/tavar-300x194.jpg 300w, https:\/\/ollercontract.com\/wp-content\/uploads\/tavar.jpg 400w\" sizes=\"(max-width: 400px) 100vw, 400px\" \/><\/div><\/div><\/div><div class=\"swiper-slide\"><div class=\"fusion-carousel-item-wrapper\"><div class=\"fusion-image-wrapper hover-type-none\"><img decoding=\"async\" width=\"400\" height=\"259\" src=\"https:\/\/ollercontract.com\/wp-content\/uploads\/villanova.jpg\" class=\"attachment-full size-full\" alt=\"villa nova\" srcset=\"https:\/\/ollercontract.com\/wp-content\/uploads\/villanova-200x130.jpg 200w, https:\/\/ollercontract.com\/wp-content\/uploads\/villanova-300x194.jpg 300w, https:\/\/ollercontract.com\/wp-content\/uploads\/villanova.jpg 400w\" sizes=\"(max-width: 400px) 100vw, 400px\" \/><\/div><\/div><\/div><div class=\"swiper-slide\"><div class=\"fusion-carousel-item-wrapper\"><div class=\"fusion-image-wrapper hover-type-none\"><img decoding=\"async\" width=\"400\" height=\"259\" src=\"https:\/\/ollercontract.com\/wp-content\/uploads\/arte.jpg\" class=\"attachment-full size-full\" alt=\"arte\" srcset=\"https:\/\/ollercontract.com\/wp-content\/uploads\/arte-200x130.jpg 200w, https:\/\/ollercontract.com\/wp-content\/uploads\/arte-300x194.jpg 300w, https:\/\/ollercontract.com\/wp-content\/uploads\/arte.jpg 400w\" sizes=\"(max-width: 400px) 100vw, 400px\" \/><\/div><\/div><\/div><div class=\"swiper-slide\"><div class=\"fusion-carousel-item-wrapper\"><div class=\"fusion-image-wrapper hover-type-none\"><img decoding=\"async\" width=\"400\" height=\"259\" src=\"https:\/\/ollercontract.com\/wp-content\/uploads\/baker.jpg\" class=\"attachment-full size-full\" alt=\"baker\" srcset=\"https:\/\/ollercontract.com\/wp-content\/uploads\/baker-200x130.jpg 200w, https:\/\/ollercontract.com\/wp-content\/uploads\/baker-300x194.jpg 300w, https:\/\/ollercontract.com\/wp-content\/uploads\/baker.jpg 400w\" sizes=\"(max-width: 400px) 100vw, 400px\" \/><\/div><\/div><\/div><div class=\"swiper-slide\"><div class=\"fusion-carousel-item-wrapper\"><div class=\"fusion-image-wrapper hover-type-none\"><img decoding=\"async\" width=\"400\" height=\"259\" src=\"https:\/\/ollercontract.com\/wp-content\/uploads\/barlinek.jpg\" class=\"attachment-full size-full\" alt=\"barlinek\" srcset=\"https:\/\/ollercontract.com\/wp-content\/uploads\/barlinek-200x130.jpg 200w, https:\/\/ollercontract.com\/wp-content\/uploads\/barlinek-300x194.jpg 300w, https:\/\/ollercontract.com\/wp-content\/uploads\/barlinek.jpg 400w\" sizes=\"(max-width: 400px) 100vw, 400px\" \/><\/div><\/div><\/div><div class=\"swiper-slide\"><div class=\"fusion-carousel-item-wrapper\"><div class=\"fusion-image-wrapper hover-type-none\"><img decoding=\"async\" width=\"400\" height=\"259\" src=\"https:\/\/ollercontract.com\/wp-content\/uploads\/carlucci.jpg\" class=\"attachment-full size-full\" alt=\"carlucci\" srcset=\"https:\/\/ollercontract.com\/wp-content\/uploads\/carlucci-200x130.jpg 200w, https:\/\/ollercontract.com\/wp-content\/uploads\/carlucci-300x194.jpg 300w, https:\/\/ollercontract.com\/wp-content\/uploads\/carlucci.jpg 400w\" sizes=\"(max-width: 400px) 100vw, 400px\" \/><\/div><\/div><\/div><div class=\"swiper-slide\"><div class=\"fusion-carousel-item-wrapper\"><div class=\"fusion-image-wrapper hover-type-none\"><img decoding=\"async\" width=\"400\" height=\"259\" src=\"https:\/\/ollercontract.com\/wp-content\/uploads\/casadeco.jpg\" class=\"attachment-full size-full\" alt=\"casadeco\" srcset=\"https:\/\/ollercontract.com\/wp-content\/uploads\/casadeco-200x130.jpg 200w, https:\/\/ollercontract.com\/wp-content\/uploads\/casadeco-300x194.jpg 300w, https:\/\/ollercontract.com\/wp-content\/uploads\/casadeco.jpg 400w\" sizes=\"(max-width: 400px) 100vw, 400px\" \/><\/div><\/div><\/div><div class=\"swiper-slide\"><div class=\"fusion-carousel-item-wrapper\"><div class=\"fusion-image-wrapper hover-type-none\"><img decoding=\"async\" width=\"400\" height=\"259\" src=\"https:\/\/ollercontract.com\/wp-content\/uploads\/casamance.jpg\" class=\"attachment-full size-full\" alt=\"casamance\" srcset=\"https:\/\/ollercontract.com\/wp-content\/uploads\/casamance-200x130.jpg 200w, https:\/\/ollercontract.com\/wp-content\/uploads\/casamance-300x194.jpg 300w, https:\/\/ollercontract.com\/wp-content\/uploads\/casamance.jpg 400w\" sizes=\"(max-width: 400px) 100vw, 400px\" \/><\/div><\/div><\/div><div class=\"swiper-slide\"><div class=\"fusion-carousel-item-wrapper\"><div class=\"fusion-image-wrapper hover-type-none\"><img decoding=\"async\" width=\"400\" height=\"259\" src=\"https:\/\/ollercontract.com\/wp-content\/uploads\/clarke.jpg\" class=\"attachment-full size-full\" alt=\"clarke\" srcset=\"https:\/\/ollercontract.com\/wp-content\/uploads\/clarke-200x130.jpg 200w, https:\/\/ollercontract.com\/wp-content\/uploads\/clarke-300x194.jpg 300w, https:\/\/ollercontract.com\/wp-content\/uploads\/clarke.jpg 400w\" sizes=\"(max-width: 400px) 100vw, 400px\" \/><\/div><\/div><\/div><div class=\"swiper-slide\"><div class=\"fusion-carousel-item-wrapper\"><div class=\"fusion-image-wrapper hover-type-none\"><img decoding=\"async\" width=\"400\" height=\"259\" src=\"https:\/\/ollercontract.com\/wp-content\/uploads\/designers-guild.jpg\" class=\"attachment-full size-full\" alt=\"designers-guild\" srcset=\"https:\/\/ollercontract.com\/wp-content\/uploads\/designers-guild-200x130.jpg 200w, https:\/\/ollercontract.com\/wp-content\/uploads\/designers-guild-300x194.jpg 300w, https:\/\/ollercontract.com\/wp-content\/uploads\/designers-guild.jpg 400w\" sizes=\"(max-width: 400px) 100vw, 400px\" \/><\/div><\/div><\/div><\/div><div class=\"awb-swiper-button awb-swiper-button-prev\"><i class=\"awb-icon-angle-left\" aria-hidden=\"true\"><\/i><\/div><div class=\"awb-swiper-button awb-swiper-button-next\"><i class=\"awb-icon-angle-right\" aria-hidden=\"true\"><\/i><\/div><\/div><\/div><div class=\"fusion-clearfix\"><\/div><\/div><\/div><\/div><\/div>\n","protected":false},"excerpt":{"rendered":"","protected":false},"author":2,"featured_media":0,"parent":0,"menu_order":0,"comment_status":"closed","ping_status":"closed","template":"","meta":{"footnotes":""},"class_list":["post-705","page","type-page","status-publish","hentry"],"yoast_head":"<!-- This site is optimized with the Yoast SEO plugin v27.4 - https:\/\/yoast.com\/product\/yoast-seo-wordpress\/ -->\n<title>Decoraci\u00f3 per al sector contract \u2013 Oller Contract<\/title>\n<meta name=\"description\" content=\"Confecci\u00f3, subministrament i instal\u2022laci\u00f3 de cortines, paper pintat, motllures, cornises i s\u00f2cols, parquet, catifes, pintura i panells ac\u00fastics.\" \/>\n<meta name=\"robots\" content=\"index, follow, max-snippet:-1, max-image-preview:large, max-video-preview:-1\" \/>\n<link rel=\"canonical\" href=\"https:\/\/ollercontract.com\/ca\/decoracio-sector-contract\/\" \/>\n<meta property=\"og:locale\" content=\"ca_ES\" \/>\n<meta property=\"og:type\" content=\"article\" \/>\n<meta property=\"og:title\" content=\"Decoraci\u00f3 per al sector contract \u2013 Oller Contract\" \/>\n<meta property=\"og:description\" content=\"Confecci\u00f3, subministrament i instal\u2022laci\u00f3 de cortines, paper pintat, motllures, cornises i s\u00f2cols, parquet, catifes, pintura i panells ac\u00fastics.\" \/>\n<meta property=\"og:url\" content=\"https:\/\/ollercontract.com\/ca\/decoracio-sector-contract\/\" \/>\n<meta property=\"og:site_name\" content=\"Oller Decoraci\u00f3\" \/>\n<meta property=\"article:modified_time\" content=\"2018-03-21T11:47:44+00:00\" \/>\n<meta name=\"twitter:card\" content=\"summary_large_image\" \/>\n<meta name=\"twitter:label1\" content=\"Temps estimat de lectura\" \/>\n\t<meta name=\"twitter:data1\" content=\"3 minuts\" \/>\n<script type=\"application\/ld+json\" class=\"yoast-schema-graph\">{\"@context\":\"https:\\\/\\\/schema.org\",\"@graph\":[{\"@type\":\"WebPage\",\"@id\":\"https:\\\/\\\/ollercontract.com\\\/ca\\\/decoracio-sector-contract\\\/\",\"url\":\"https:\\\/\\\/ollercontract.com\\\/ca\\\/decoracio-sector-contract\\\/\",\"name\":\"Decoraci\u00f3 per al sector contract \u2013 Oller Contract\",\"isPartOf\":{\"@id\":\"https:\\\/\\\/ollercontract.com\\\/ca\\\/#website\"},\"datePublished\":\"2018-03-15T16:03:10+00:00\",\"dateModified\":\"2018-03-21T11:47:44+00:00\",\"description\":\"Confecci\u00f3, subministrament i instal\u2022laci\u00f3 de cortines, paper pintat, motllures, cornises i s\u00f2cols, parquet, catifes, pintura i panells ac\u00fastics.\",\"breadcrumb\":{\"@id\":\"https:\\\/\\\/ollercontract.com\\\/ca\\\/decoracio-sector-contract\\\/#breadcrumb\"},\"inLanguage\":\"ca\",\"potentialAction\":[{\"@type\":\"ReadAction\",\"target\":[\"https:\\\/\\\/ollercontract.com\\\/ca\\\/decoracio-sector-contract\\\/\"]}]},{\"@type\":\"BreadcrumbList\",\"@id\":\"https:\\\/\\\/ollercontract.com\\\/ca\\\/decoracio-sector-contract\\\/#breadcrumb\",\"itemListElement\":[{\"@type\":\"ListItem\",\"position\":1,\"name\":\"Home\",\"item\":\"https:\\\/\\\/ollercontract.com\\\/ca\\\/\"},{\"@type\":\"ListItem\",\"position\":2,\"name\":\"Decoraci\u00f3 per al sector contract\"}]},{\"@type\":\"WebSite\",\"@id\":\"https:\\\/\\\/ollercontract.com\\\/ca\\\/#website\",\"url\":\"https:\\\/\\\/ollercontract.com\\\/ca\\\/\",\"name\":\"Oller Decoraci\u00f3\",\"description\":\"Tienda de pintura en Granollers\",\"potentialAction\":[{\"@type\":\"SearchAction\",\"target\":{\"@type\":\"EntryPoint\",\"urlTemplate\":\"https:\\\/\\\/ollercontract.com\\\/ca\\\/?s={search_term_string}\"},\"query-input\":{\"@type\":\"PropertyValueSpecification\",\"valueRequired\":true,\"valueName\":\"search_term_string\"}}],\"inLanguage\":\"ca\"}]}<\/script>\n<!-- \/ Yoast SEO plugin. -->","yoast_head_json":{"title":"Decoraci\u00f3 per al sector contract \u2013 Oller Contract","description":"Confecci\u00f3, subministrament i instal\u2022laci\u00f3 de cortines, paper pintat, motllures, cornises i s\u00f2cols, parquet, catifes, pintura i panells ac\u00fastics.","robots":{"index":"index","follow":"follow","max-snippet":"max-snippet:-1","max-image-preview":"max-image-preview:large","max-video-preview":"max-video-preview:-1"},"canonical":"https:\/\/ollercontract.com\/ca\/decoracio-sector-contract\/","og_locale":"ca_ES","og_type":"article","og_title":"Decoraci\u00f3 per al sector contract \u2013 Oller Contract","og_description":"Confecci\u00f3, subministrament i instal\u2022laci\u00f3 de cortines, paper pintat, motllures, cornises i s\u00f2cols, parquet, catifes, pintura i panells ac\u00fastics.","og_url":"https:\/\/ollercontract.com\/ca\/decoracio-sector-contract\/","og_site_name":"Oller Decoraci\u00f3","article_modified_time":"2018-03-21T11:47:44+00:00","twitter_card":"summary_large_image","twitter_misc":{"Temps estimat de lectura":"3 minuts"},"schema":{"@context":"https:\/\/schema.org","@graph":[{"@type":"WebPage","@id":"https:\/\/ollercontract.com\/ca\/decoracio-sector-contract\/","url":"https:\/\/ollercontract.com\/ca\/decoracio-sector-contract\/","name":"Decoraci\u00f3 per al sector contract \u2013 Oller Contract","isPartOf":{"@id":"https:\/\/ollercontract.com\/ca\/#website"},"datePublished":"2018-03-15T16:03:10+00:00","dateModified":"2018-03-21T11:47:44+00:00","description":"Confecci\u00f3, subministrament i instal\u2022laci\u00f3 de cortines, paper pintat, motllures, cornises i s\u00f2cols, parquet, catifes, pintura i panells ac\u00fastics.","breadcrumb":{"@id":"https:\/\/ollercontract.com\/ca\/decoracio-sector-contract\/#breadcrumb"},"inLanguage":"ca","potentialAction":[{"@type":"ReadAction","target":["https:\/\/ollercontract.com\/ca\/decoracio-sector-contract\/"]}]},{"@type":"BreadcrumbList","@id":"https:\/\/ollercontract.com\/ca\/decoracio-sector-contract\/#breadcrumb","itemListElement":[{"@type":"ListItem","position":1,"name":"Home","item":"https:\/\/ollercontract.com\/ca\/"},{"@type":"ListItem","position":2,"name":"Decoraci\u00f3 per al sector contract"}]},{"@type":"WebSite","@id":"https:\/\/ollercontract.com\/ca\/#website","url":"https:\/\/ollercontract.com\/ca\/","name":"Oller Decoraci\u00f3","description":"Tienda de pintura en Granollers","potentialAction":[{"@type":"SearchAction","target":{"@type":"EntryPoint","urlTemplate":"https:\/\/ollercontract.com\/ca\/?s={search_term_string}"},"query-input":{"@type":"PropertyValueSpecification","valueRequired":true,"valueName":"search_term_string"}}],"inLanguage":"ca"}]}},"_links":{"self":[{"href":"https:\/\/ollercontract.com\/ca\/wp-json\/wp\/v2\/pages\/705","targetHints":{"allow":["GET"]}}],"collection":[{"href":"https:\/\/ollercontract.com\/ca\/wp-json\/wp\/v2\/pages"}],"about":[{"href":"https:\/\/ollercontract.com\/ca\/wp-json\/wp\/v2\/types\/page"}],"author":[{"embeddable":true,"href":"https:\/\/ollercontract.com\/ca\/wp-json\/wp\/v2\/users\/2"}],"replies":[{"embeddable":true,"href":"https:\/\/ollercontract.com\/ca\/wp-json\/wp\/v2\/comments?post=705"}],"version-history":[{"count":0,"href":"https:\/\/ollercontract.com\/ca\/wp-json\/wp\/v2\/pages\/705\/revisions"}],"wp:attachment":[{"href":"https:\/\/ollercontract.com\/ca\/wp-json\/wp\/v2\/media?parent=705"}],"curies":[{"name":"wp","href":"https:\/\/api.w.org\/{rel}","templated":true}]}}