{"id":630,"date":"2018-01-16T11:52:00","date_gmt":"2018-01-16T10:52:00","guid":{"rendered":"http:\/\/ollercontract.pruebasweb.com.es\/telas-barcelona\/"},"modified":"2018-03-20T16:29:43","modified_gmt":"2018-03-20T15:29:43","slug":"teles-barcelona","status":"publish","type":"page","link":"https:\/\/ollercontract.com\/ca\/teles-barcelona\/","title":{"rendered":"Especialista en teixits Barcelona"},"content":{"rendered":"<p><div class=\"fusion-fullwidth fullwidth-box fusion-builder-row-1 nonhundred-percent-fullwidth non-hundred-percent-height-scrolling\" style=\"--awb-border-radius-top-left:0px;--awb-border-radius-top-right:0px;--awb-border-radius-bottom-right:0px;--awb-border-radius-bottom-left:0px;--awb-flex-wrap:wrap;\" ><div class=\"fusion-builder-row fusion-row\"><div class=\"fusion-layout-column fusion_builder_column fusion-builder-column-0 fusion_builder_column_1_2 1_2 fusion-one-half fusion-column-first\" style=\"--awb-bg-size:cover;width:50%;width:calc(50% - ( ( 4% ) * 0.5 ) );margin-right: 4%;\"><div class=\"fusion-column-wrapper fusion-flex-column-wrapper-legacy\"><div class=\"fusion-text fusion-text-1\"><h2 class=\"titulo\">Com podem ajudar-te?<\/h2>\n<h4>Contacta amb nosaltres i explica\u2019ns qu\u00e8 necessites.<\/h4>\n<p><span style=\"font-weight: 400;\">Estem a la teva disposici\u00f3.<\/span><\/p>\n<\/div><div class=\"fusion-content-boxes content-boxes columns row fusion-columns-2 fusion-columns-total-2 fusion-content-boxes-1 content-boxes-clean-vertical content-left content-boxes-icon-on-top fusion-delayed-animation\" style=\"--awb-body-color:#57585b;--awb-title-color:#57585b;--awb-hover-accent-color:3f7f79;--awb-circle-hover-accent-color:3f7f79;\" data-animation-delay=\"200\" data-animationOffset=\"top-into-view\"><div style=\"--awb-backgroundcolor:rgba(255,255,255,0);border-color:rgba(255,255,255,0);\" class=\"fusion-column content-box-column content-box-column content-box-column-1 col-lg-6 col-md-6 col-sm-6 fusion-content-box-hover content-box-column-first-in-row\"><div class=\"col content-box-wrapper content-wrapper link-area-box link-type-text icon-hover-animation-pulsate fusion-animated\" data-link=\"tel:+34938708605\" data-link-target=\"_self\" data-animationType=\"zoomIn\" data-animationDuration=\"0.3\" data-animationOffset=\"top-into-view\"><div class=\"heading heading-with-icon icon-left\"><a class=\"heading-link\" href=\"tel:+34938708605\" target=\"_self\"><div class=\"icon\" style=\"-webkit-animation-duration: 200ms;animation-duration: 200ms;\"><i style=\"border-color:#333333;border-width:0px;background-color:#a5966f;box-sizing:content-box;height:64px;width:64px;line-height:64px;border-radius:50%;font-size:32px;\" aria-hidden=\"true\" class=\"fontawesome-icon fa fa-phone circle-yes\"><\/i><\/div><h2 class=\"content-box-heading\" style=\"--h2_typography-font-size:20px;line-height:25px;\">(+34) 938 708 605<\/h2><\/a><\/div><\/div><\/div><div style=\"--awb-backgroundcolor:rgba(255,255,255,0);border-color:rgba(255,255,255,0);\" class=\"fusion-column content-box-column content-box-column content-box-column-2 col-lg-6 col-md-6 col-sm-6 fusion-content-box-hover content-box-column-last content-box-column-last-in-row\"><div class=\"col content-box-wrapper content-wrapper link-area-box link-type-text icon-hover-animation-pulsate fusion-animated\" data-link=\"mailto:info@ollercontract.com\" data-link-target=\"_self\" data-animationType=\"zoomIn\" data-animationDuration=\"0.3\" data-animationOffset=\"top-into-view\"><div class=\"heading heading-with-icon icon-left\"><a class=\"heading-link\" href=\"mailto:info@ollercontract.com\" target=\"_self\"><div class=\"icon\" style=\"-webkit-animation-duration: 200ms;animation-duration: 200ms;\"><i style=\"border-color:#333333;border-width:0px;background-color:#a5966f;box-sizing:content-box;height:64px;width:64px;line-height:64px;border-radius:50%;font-size:32px;\" aria-hidden=\"true\" class=\"fontawesome-icon fa fa-envelope circle-yes\"><\/i><\/div><h2 class=\"content-box-heading\" style=\"--h2_typography-font-size:20px;line-height:25px;\">info@ollercontract.com<\/h2><\/a><\/div><\/div><\/div><div class=\"fusion-clearfix\"><\/div><\/div><div class=\"fusion-clearfix\"><\/div><\/div><\/div><div class=\"fusion-layout-column fusion_builder_column fusion-builder-column-1 fusion_builder_column_1_2 1_2 fusion-one-half fusion-column-last\" style=\"--awb-bg-size:cover;width:50%;width:calc(50% - ( ( 4% ) * 0.5 ) );\"><div class=\"fusion-column-wrapper fusion-flex-column-wrapper-legacy\"><div class=\"fusion-text fusion-text-2\"><p><span style=\"font-weight: 400;\">O, si ho prefereixes, envia\u2019ns un missatge des del formulari i nosaltres contactarem amb tu en 24-48 hores laborables.<\/span><\/p>\n\n<div class=\"wpcf7 no-js\" id=\"wpcf7-f157-o1\" lang=\"es-ES\" dir=\"ltr\" data-wpcf7-id=\"157\">\n<div class=\"screen-reader-response\"><p role=\"status\" aria-live=\"polite\" aria-atomic=\"true\"><\/p> <ul><\/ul><\/div>\n<form action=\"\/ca\/wp-json\/wp\/v2\/pages\/630#wpcf7-f157-o1\" method=\"post\" class=\"wpcf7-form init\" aria-label=\"Formulario de contacto\" novalidate=\"novalidate\" data-status=\"init\">\n<fieldset class=\"hidden-fields-container\"><input type=\"hidden\" name=\"_wpcf7\" value=\"157\" \/><input type=\"hidden\" name=\"_wpcf7_version\" value=\"6.1.5\" \/><input type=\"hidden\" name=\"_wpcf7_locale\" value=\"es_ES\" \/><input type=\"hidden\" name=\"_wpcf7_unit_tag\" value=\"wpcf7-f157-o1\" \/><input type=\"hidden\" name=\"_wpcf7_container_post\" value=\"0\" \/><input type=\"hidden\" name=\"_wpcf7_posted_data_hash\" value=\"\" \/><input type=\"hidden\" name=\"_wpcf7_recaptcha_response\" value=\"\" \/>\n<\/fieldset>\n<p><label><span class=\"wpcf7-form-control-wrap\" data-name=\"your-name\"><input size=\"40\" maxlength=\"400\" class=\"wpcf7-form-control wpcf7-text wpcf7-validates-as-required\" aria-required=\"true\" aria-invalid=\"false\" placeholder=\"Nom i cognoms\" value=\"\" type=\"text\" name=\"your-name\" \/><\/span> <\/label><br \/>\n<label><span class=\"wpcf7-form-control-wrap\" data-name=\"your-email\"><input size=\"40\" maxlength=\"400\" class=\"wpcf7-form-control wpcf7-email wpcf7-validates-as-required wpcf7-text wpcf7-validates-as-email\" aria-required=\"true\" aria-invalid=\"false\" placeholder=\"e-mail\" value=\"\" type=\"email\" name=\"your-email\" \/><\/span> <\/label><br \/>\n<label><span class=\"wpcf7-form-control-wrap\" data-name=\"telefono\"><input size=\"40\" maxlength=\"400\" class=\"wpcf7-form-control wpcf7-text\" aria-invalid=\"false\" placeholder=\"Tel\u00e8fon\" value=\"\" type=\"text\" name=\"telefono\" \/><\/span> <\/label><br \/>\n<label><span class=\"wpcf7-form-control-wrap\" data-name=\"your-message\"><textarea cols=\"40\" rows=\"10\" maxlength=\"2000\" class=\"wpcf7-form-control wpcf7-textarea\" aria-invalid=\"false\" placeholder=\"Missatge\" name=\"your-message\"><\/textarea><\/span> <\/label><br \/>\n<label><span class=\"wpcf7-form-control-wrap\" data-name=\"acepto\"><span class=\"wpcf7-form-control wpcf7-acceptance\"><span class=\"wpcf7-list-item\"><input type=\"checkbox\" name=\"acepto\" value=\"1\" aria-invalid=\"false\" \/><\/span><\/span><\/span> He llegit i accepto <a href=\"\/ca\/avis-legal\/\">l'av\u00eds legal<\/a> i la <a href=\"\/ca\/politica-de-privacitat\/\">pol\u00edtica de privacitat<\/a><\/label><br \/>\n<label><span class=\"wpcf7-form-control-wrap\" data-name=\"acepto\"><span class=\"wpcf7-form-control wpcf7-acceptance\"><span class=\"wpcf7-list-item\"><input type=\"checkbox\" name=\"acepto\" value=\"1\" aria-invalid=\"false\" \/><\/span><\/span><\/span> Autoritzo l'enviament d'informaci\u00f3.<\/label><br \/>\n<span class=\"wpcf7-form-control-wrap recaptcha\" data-name=\"recaptcha\"><span data-sitekey=\"6LdUc3crAAAAAHWcGN8EfoFbDpD7He7eOMPg4z0S\" class=\"wpcf7-form-control wpcf7-recaptcha g-recaptcha\"><\/span>\r\n<noscript>\r\n\t<div class=\"grecaptcha-noscript\">\r\n\t\t<iframe src=\"https:\/\/www.google.com\/recaptcha\/api\/fallback?k=6LdUc3crAAAAAHWcGN8EfoFbDpD7He7eOMPg4z0S\" frameborder=\"0\" scrolling=\"no\" width=\"310\" height=\"430\">\r\n\t\t<\/iframe>\r\n\t\t<textarea name=\"g-recaptcha-response\" rows=\"3\" cols=\"40\" placeholder=\"Aqu\u00ed la respuesta de reCAPTCHA\">\r\n\t\t<\/textarea>\r\n\t<\/div>\r\n<\/noscript>\r\n<\/span><br \/>\n<input class=\"wpcf7-form-control wpcf7-submit has-spinner\" id=\"enviar\" type=\"submit\" value=\"Enviar\" \/>\n<\/p><input\n                    class=\"apbct_special_field apbct_email_id__wp_contact_form_7\"\n                    name=\"apbct__email_id__wp_contact_form_7\"\n                    aria-label=\"apbct__label_id__wp_contact_form_7\"\n                    type=\"text\" size=\"30\" maxlength=\"200\" autocomplete=\"off\"\n                    value=\"\"\n                \/><div class=\"fusion-alert alert custom alert-custom fusion-alert-center wpcf7-response-output fusion-alert-capitalize awb-alert-native-link-color alert-dismissable awb-alert-close-boxed\" style=\"--awb-border-top-left-radius:0px;--awb-border-top-right-radius:0px;--awb-border-bottom-left-radius:0px;--awb-border-bottom-right-radius:0px;\" role=\"alert\"><div class=\"fusion-alert-content-wrapper\"><span class=\"fusion-alert-content\"><\/span><\/div><button type=\"button\" class=\"close toggle-alert\" data-dismiss=\"alert\" aria-label=\"Close\">&times;<\/button><\/div>\n<\/form>\n<\/div>\n\n<\/div><div class=\"fusion-clearfix\"><\/div><\/div><\/div><\/div><\/div><div class=\"fusion-fullwidth fullwidth-box fusion-builder-row-2 nonhundred-percent-fullwidth non-hundred-percent-height-scrolling\" style=\"--awb-border-radius-top-left:0px;--awb-border-radius-top-right:0px;--awb-border-radius-bottom-right:0px;--awb-border-radius-bottom-left:0px;--awb-flex-wrap:wrap;\" ><div class=\"fusion-builder-row fusion-row\"><div class=\"fusion-layout-column fusion_builder_column fusion-builder-column-2 fusion_builder_column_1_1 1_1 fusion-one-full fusion-column-first fusion-column-last\" style=\"--awb-bg-size:cover;\"><div class=\"fusion-column-wrapper fusion-flex-column-wrapper-legacy\"><div class=\"fusion-sep-clear\"><\/div><div class=\"fusion-separator\" style=\"margin-left: auto;margin-right: auto;margin-top:0px;margin-bottom:40px;width:100%;max-width:70%;\"><div class=\"fusion-separator-border sep-single sep-solid\" style=\"--awb-height:20px;--awb-amount:20px;border-color:#a5966f;border-top-width:2px;\"><\/div><\/div><div class=\"fusion-sep-clear\"><\/div><div class=\"fusion-clearfix\"><\/div><\/div><\/div><\/div><\/div><div class=\"fusion-fullwidth fullwidth-box fusion-builder-row-3 nonhundred-percent-fullwidth non-hundred-percent-height-scrolling\" style=\"--awb-border-radius-top-left:0px;--awb-border-radius-top-right:0px;--awb-border-radius-bottom-right:0px;--awb-border-radius-bottom-left:0px;--awb-margin-bottom:50px;--awb-flex-wrap:wrap;\" ><div class=\"fusion-builder-row fusion-row\"><div class=\"fusion-layout-column fusion_builder_column fusion-builder-column-3 fusion_builder_column_1_3 1_3 fusion-one-third fusion-column-first\" style=\"--awb-bg-size:cover;width:33.333333333333%;width:calc(33.333333333333% - ( ( 4% ) * 0.33333333333333 ) );margin-right: 4%;\"><div class=\"fusion-column-wrapper fusion-flex-column-wrapper-legacy\"><div class=\"fusion-text fusion-text-3\"><h4 class=\"titulo\">Oller Contract<\/h4>\n<p>Sant Jaume 88-90<br \/>\n08401 Granollers<br \/>\nBarcelona<\/p>\n<h4>Horari<\/h4>\n<p>De dilluns a divendres:<\/p>\n<ul>\n<li>Mat\u00ed de 9:30 a 13:30<\/li>\n<li>Tarda de 17:00 a 20:00<\/li>\n<\/ul>\n<p>Dissabte:<\/p>\n<ul>\n<li>Mat\u00ed de 9:30 a 13:30<\/li>\n<\/ul>\n<\/div><div class=\"fusion-clearfix\"><\/div><\/div><\/div><div class=\"fusion-layout-column fusion_builder_column fusion-builder-column-4 fusion_builder_column_2_3 2_3 fusion-two-third fusion-column-last\" style=\"--awb-bg-size:cover;width:66.666666666667%;width:calc(66.666666666667% - ( ( 4% ) * 0.66666666666667 ) );\"><div class=\"fusion-column-wrapper fusion-flex-column-wrapper-legacy\"><script src=\"https:\/\/maps.googleapis.com\/maps\/api\/js?key=AIzaSyDtlU_40sH4Gl3xrTO26PAnPpwr_A9pbog&v=3.exp\"><\/script>\n\n<div id=\"mapa\" style=\"width:100%;height:400px;\"><\/div>\n<h5 style=\"margin-bottom:0px\">Com arribar?<\/h5>\n<div class=\"comollegar\">\n<span>Introdueix la teva adre\u00e7a completa: <\/span> &nbsp; <input id=\"from-input1\" type=text value=\"\" style=\"width:70%\"\/>\n<input id=\"to-input1\" type=hidden value=\"Carrer de Sant Jaume, 88 08401 Granollers Barcelona Spain\"\/>\n\n<input id=\"driveclick\" class=\"fusion-button button-flat fusion-button-pill button-large button-default button-1 fusion-animated\" data-animationtype=\"fadeInUp\" data-animationduration=\"0.3\" data-animationoffset=\"100%\" onclick=\"Demo1.getDirections();\" type=\"button\" value=\"MOSTRAR RUTA\"\/>\n\n<\/div>\n\n<div id=\"dir-container\"><\/div>\n<script type=\"text\/javascript\">\n    var Demo1 = {\n        mapContainer: document.getElementById(\"mapa\"),\n        dirContainer: document.getElementById(\"dir-container\"),\n        fromInput: document.getElementById(\"from-input1\"),\n        toInput: document.getElementById(\"to-input1\"),\n\n        dirService: new google.maps.DirectionsService(),\n        dirRenderer: new google.maps.DirectionsRenderer(),\n        map: null,\n\n        showDirections: function(dirResult, dirStatus) {\n            if (dirStatus != google.maps.DirectionsStatus.OK) {\n                alert(\"Error en la ruta: \" + dirStatus);\n                return;\n            }\n\n            Demo1.dirRenderer.setMap(Demo1.map);\n            Demo1.dirRenderer.setPanel(Demo1.dirContainer);\n            Demo1.dirRenderer.setDirections(dirResult);\n        },\n\n        getDirections: function() {\n            var fromStr = Demo1.fromInput.value;\n            var toStr = Demo1.toInput.value;\n            var dirRequest = {\n                origin: fromStr,\n                destination: toStr,\n                travelMode: google.maps.DirectionsTravelMode.DRIVING,\n                unitSystem: google.maps.DirectionsUnitSystem.METRIC,\n                provideRouteAlternatives: true\n            };\n            Demo1.dirService.route(dirRequest, Demo1.showDirections);\n        },\n\n        init: function() {\n            var image = \"\/img\/pin.png\";\n            var latLng = new google.maps.LatLng(41.605222, 2.285650);\n            Demo1.map = new google.maps.Map(Demo1.mapContainer, {\n                zoom: 14,\n                center: latLng,\n                mapTypeId: google.maps.MapTypeId.ROADMAP\n            });\n\n            var marker = new google.maps.Marker({\n                position: latLng,\n                map: Demo1.map,\n                icon: image\n            });\n        }\n    };\n    google.maps.event.addDomListener(window, \"load\", Demo1.init);\n<\/script>\n<div class=\"fusion-clearfix\"><\/div><\/div><\/div><\/div><\/div><\/p>\n","protected":false},"excerpt":{"rendered":"","protected":false},"author":2,"featured_media":0,"parent":0,"menu_order":0,"comment_status":"closed","ping_status":"closed","template":"","meta":{"footnotes":""},"class_list":["post-630","page","type-page","status-publish","hentry"],"yoast_head":"<!-- This site is optimized with the Yoast SEO plugin v27.4 - https:\/\/yoast.com\/product\/yoast-seo-wordpress\/ -->\n<title>Especialista en teles Barcelona \u2013 Oller Contract<\/title>\n<meta name=\"description\" content=\"Subministrament, instal\u2022laci\u00f3 i assessorament de t\u00e8xtil i decoraci\u00f3 per al sector contract. Especialista en teixits Barcelona.\" \/>\n<meta name=\"robots\" content=\"index, follow, max-snippet:-1, max-image-preview:large, max-video-preview:-1\" \/>\n<link rel=\"canonical\" href=\"https:\/\/ollercontract.com\/ca\/teles-barcelona\/\" \/>\n<meta property=\"og:locale\" content=\"ca_ES\" \/>\n<meta property=\"og:type\" content=\"article\" \/>\n<meta property=\"og:title\" content=\"Especialista en teles Barcelona \u2013 Oller Contract\" \/>\n<meta property=\"og:description\" content=\"Subministrament, instal\u2022laci\u00f3 i assessorament de t\u00e8xtil i decoraci\u00f3 per al sector contract. Especialista en teixits Barcelona.\" \/>\n<meta property=\"og:url\" content=\"https:\/\/ollercontract.com\/ca\/teles-barcelona\/\" \/>\n<meta property=\"og:site_name\" content=\"Oller Decoraci\u00f3\" \/>\n<meta property=\"article:modified_time\" content=\"2018-03-20T15:29:43+00:00\" \/>\n<meta name=\"twitter:card\" content=\"summary_large_image\" \/>\n<meta name=\"twitter:label1\" content=\"Temps estimat de lectura\" \/>\n\t<meta name=\"twitter:data1\" content=\"7 minuts\" \/>\n<script type=\"application\/ld+json\" class=\"yoast-schema-graph\">{\"@context\":\"https:\\\/\\\/schema.org\",\"@graph\":[{\"@type\":\"WebPage\",\"@id\":\"https:\\\/\\\/ollercontract.com\\\/ca\\\/teles-barcelona\\\/\",\"url\":\"https:\\\/\\\/ollercontract.com\\\/ca\\\/teles-barcelona\\\/\",\"name\":\"Especialista en teles Barcelona \u2013 Oller Contract\",\"isPartOf\":{\"@id\":\"https:\\\/\\\/ollercontract.com\\\/ca\\\/#website\"},\"datePublished\":\"2018-01-16T10:52:00+00:00\",\"dateModified\":\"2018-03-20T15:29:43+00:00\",\"description\":\"Subministrament, instal\u2022laci\u00f3 i assessorament de t\u00e8xtil i decoraci\u00f3 per al sector contract. Especialista en teixits Barcelona.\",\"breadcrumb\":{\"@id\":\"https:\\\/\\\/ollercontract.com\\\/ca\\\/teles-barcelona\\\/#breadcrumb\"},\"inLanguage\":\"ca\",\"potentialAction\":[{\"@type\":\"ReadAction\",\"target\":[\"https:\\\/\\\/ollercontract.com\\\/ca\\\/teles-barcelona\\\/\"]}]},{\"@type\":\"BreadcrumbList\",\"@id\":\"https:\\\/\\\/ollercontract.com\\\/ca\\\/teles-barcelona\\\/#breadcrumb\",\"itemListElement\":[{\"@type\":\"ListItem\",\"position\":1,\"name\":\"Home\",\"item\":\"https:\\\/\\\/ollercontract.com\\\/ca\\\/\"},{\"@type\":\"ListItem\",\"position\":2,\"name\":\"Especialista en teixits Barcelona\"}]},{\"@type\":\"WebSite\",\"@id\":\"https:\\\/\\\/ollercontract.com\\\/ca\\\/#website\",\"url\":\"https:\\\/\\\/ollercontract.com\\\/ca\\\/\",\"name\":\"Oller Decoraci\u00f3\",\"description\":\"Tienda de pintura en Granollers\",\"potentialAction\":[{\"@type\":\"SearchAction\",\"target\":{\"@type\":\"EntryPoint\",\"urlTemplate\":\"https:\\\/\\\/ollercontract.com\\\/ca\\\/?s={search_term_string}\"},\"query-input\":{\"@type\":\"PropertyValueSpecification\",\"valueRequired\":true,\"valueName\":\"search_term_string\"}}],\"inLanguage\":\"ca\"}]}<\/script>\n<!-- \/ Yoast SEO plugin. -->","yoast_head_json":{"title":"Especialista en teles Barcelona \u2013 Oller Contract","description":"Subministrament, instal\u2022laci\u00f3 i assessorament de t\u00e8xtil i decoraci\u00f3 per al sector contract. Especialista en teixits Barcelona.","robots":{"index":"index","follow":"follow","max-snippet":"max-snippet:-1","max-image-preview":"max-image-preview:large","max-video-preview":"max-video-preview:-1"},"canonical":"https:\/\/ollercontract.com\/ca\/teles-barcelona\/","og_locale":"ca_ES","og_type":"article","og_title":"Especialista en teles Barcelona \u2013 Oller Contract","og_description":"Subministrament, instal\u2022laci\u00f3 i assessorament de t\u00e8xtil i decoraci\u00f3 per al sector contract. Especialista en teixits Barcelona.","og_url":"https:\/\/ollercontract.com\/ca\/teles-barcelona\/","og_site_name":"Oller Decoraci\u00f3","article_modified_time":"2018-03-20T15:29:43+00:00","twitter_card":"summary_large_image","twitter_misc":{"Temps estimat de lectura":"7 minuts"},"schema":{"@context":"https:\/\/schema.org","@graph":[{"@type":"WebPage","@id":"https:\/\/ollercontract.com\/ca\/teles-barcelona\/","url":"https:\/\/ollercontract.com\/ca\/teles-barcelona\/","name":"Especialista en teles Barcelona \u2013 Oller Contract","isPartOf":{"@id":"https:\/\/ollercontract.com\/ca\/#website"},"datePublished":"2018-01-16T10:52:00+00:00","dateModified":"2018-03-20T15:29:43+00:00","description":"Subministrament, instal\u2022laci\u00f3 i assessorament de t\u00e8xtil i decoraci\u00f3 per al sector contract. Especialista en teixits Barcelona.","breadcrumb":{"@id":"https:\/\/ollercontract.com\/ca\/teles-barcelona\/#breadcrumb"},"inLanguage":"ca","potentialAction":[{"@type":"ReadAction","target":["https:\/\/ollercontract.com\/ca\/teles-barcelona\/"]}]},{"@type":"BreadcrumbList","@id":"https:\/\/ollercontract.com\/ca\/teles-barcelona\/#breadcrumb","itemListElement":[{"@type":"ListItem","position":1,"name":"Home","item":"https:\/\/ollercontract.com\/ca\/"},{"@type":"ListItem","position":2,"name":"Especialista en teixits Barcelona"}]},{"@type":"WebSite","@id":"https:\/\/ollercontract.com\/ca\/#website","url":"https:\/\/ollercontract.com\/ca\/","name":"Oller Decoraci\u00f3","description":"Tienda de pintura en Granollers","potentialAction":[{"@type":"SearchAction","target":{"@type":"EntryPoint","urlTemplate":"https:\/\/ollercontract.com\/ca\/?s={search_term_string}"},"query-input":{"@type":"PropertyValueSpecification","valueRequired":true,"valueName":"search_term_string"}}],"inLanguage":"ca"}]}},"_links":{"self":[{"href":"https:\/\/ollercontract.com\/ca\/wp-json\/wp\/v2\/pages\/630","targetHints":{"allow":["GET"]}}],"collection":[{"href":"https:\/\/ollercontract.com\/ca\/wp-json\/wp\/v2\/pages"}],"about":[{"href":"https:\/\/ollercontract.com\/ca\/wp-json\/wp\/v2\/types\/page"}],"author":[{"embeddable":true,"href":"https:\/\/ollercontract.com\/ca\/wp-json\/wp\/v2\/users\/2"}],"replies":[{"embeddable":true,"href":"https:\/\/ollercontract.com\/ca\/wp-json\/wp\/v2\/comments?post=630"}],"version-history":[{"count":0,"href":"https:\/\/ollercontract.com\/ca\/wp-json\/wp\/v2\/pages\/630\/revisions"}],"wp:attachment":[{"href":"https:\/\/ollercontract.com\/ca\/wp-json\/wp\/v2\/media?parent=630"}],"curies":[{"name":"wp","href":"https:\/\/api.w.org\/{rel}","templated":true}]}}