{"id":627,"date":"2018-01-16T11:51:31","date_gmt":"2018-01-16T10:51:31","guid":{"rendered":"http:\/\/ollercontract.pruebasweb.com.es\/textil-contract\/"},"modified":"2019-07-24T13:27:02","modified_gmt":"2019-07-24T11:27:02","slug":"textil-canal-contract","status":"publish","type":"page","link":"https:\/\/ollercontract.com\/ca\/textil-canal-contract\/","title":{"rendered":"T\u00e8xtil per a canal contract"},"content":{"rendered":"<div class=\"fusion-fullwidth fullwidth-box fusion-builder-row-1 nonhundred-percent-fullwidth non-hundred-percent-height-scrolling\" style=\"--awb-border-radius-top-left:0px;--awb-border-radius-top-right:0px;--awb-border-radius-bottom-right:0px;--awb-border-radius-bottom-left:0px;--awb-flex-wrap:wrap;\" ><div class=\"fusion-builder-row fusion-row\"><div class=\"fusion-layout-column fusion_builder_column fusion-builder-column-0 fusion_builder_column_1_2 1_2 fusion-one-half fusion-column-first\" style=\"--awb-bg-size:cover;width:50%;width:calc(50% - ( ( 4% ) * 0.5 ) );margin-right: 4%;\"><div class=\"fusion-column-wrapper fusion-flex-column-wrapper-legacy\"><div class=\"fusion-text fusion-text-1\"><p>Oller va iniciar el seu recorregut el 1966 amb una botiga dedicada exclusivament a la venda de paper pintat. El seu fundador, <strong>Rafael Oller,<\/strong> era pintor de professi\u00f3 i un entusiasta del m\u00f3n de la decoraci\u00f3.<\/p>\n<p>El negoci va creixent i, de la m\u00e0 de la segona generaci\u00f3, es pren el cam\u00ed de l\u2019especialitzaci\u00f3 dividint l\u2019equip en dues l\u00ednies. Una part evoluciona cap el m\u00f3n de la pintura decorativa i de la pintura industrial, mentre que l\u2019altra aprofundeix en l\u2019\u00e0mbit dels complements per a la decoraci\u00f3, tals com cortines, parquet, paper pintat, cornises, etc.<\/p>\n<blockquote>\n<p>I \u00e9s aquesta mateixa passi\u00f3 per a la decoraci\u00f3 la que provoca que al 2012, <strong>Gemma Pocorull Oller<\/strong>, tercera generaci\u00f3 de la fam\u00edlia, inici\u00ef el projecte de <strong>Oller Contract<\/strong>.<\/p>\n<\/blockquote>\n<p>Junt amb el seu equip, la Gemma s\u2019ha especialitzat en el m\u00f3n professional del -t\u00e8xtil per a contract i complements per a vestir qualsevol espai-, amb l\u2019objectiu de fer m\u00e9s din\u00e0mica i flu\u00efda l\u2019execuci\u00f3 dels seus projectes d\u2019interiorisme.<\/p>\n<\/div><div class=\"fusion-clearfix\"><\/div><\/div><\/div><div class=\"fusion-layout-column fusion_builder_column fusion-builder-column-1 fusion_builder_column_1_2 1_2 fusion-one-half fusion-column-last\" style=\"--awb-bg-size:cover;width:50%;width:calc(50% - ( ( 4% ) * 0.5 ) );\"><div class=\"fusion-column-wrapper fusion-flex-column-wrapper-legacy\"><div class=\"fusion-image-carousel fusion-image-carousel-auto fusion-image-carousel-1\"><div class=\"awb-carousel awb-swiper awb-swiper-carousel awb-carousel--carousel awb-swiper-dots-position-bottom\" data-layout=\"carousel\" data-autoplay=\"yes\" data-autoplayspeed=\"3500\" data-autoplaypause=\"no\" data-columns=\"1\" data-columnsmedium=\"1\" data-columnssmall=\"1\" data-itemmargin=\"0\" data-itemwidth=\"180\" data-touchscroll=\"no\" data-freemode=\"no\" data-imagesize=\"auto\" data-scrollitems=\"0\" data-centeredslides=\"no\" data-rotationangle=\"50\" data-depth=\"100\" data-speed=\"500\" data-shadow=\"no\" data-pagination=\"bullets\" style=\"--awb-columns:1;--awb-column-spacing:0px;\"><div class=\"swiper-wrapper awb-image-carousel-wrapper fusion-flex-align-items-center\"><div class=\"swiper-slide\"><div class=\"fusion-carousel-item-wrapper\"><div class=\"fusion-image-wrapper hover-type-none\"><img decoding=\"async\" width=\"528\" height=\"528\" src=\"https:\/\/ollercontract.com\/wp-content\/uploads\/nosotros-oller.jpg\" class=\"attachment-full size-full\" alt=\"nosotros oller\" srcset=\"https:\/\/ollercontract.com\/wp-content\/uploads\/nosotros-oller-66x66.jpg 66w, https:\/\/ollercontract.com\/wp-content\/uploads\/nosotros-oller-150x150.jpg 150w, https:\/\/ollercontract.com\/wp-content\/uploads\/nosotros-oller-200x200.jpg 200w, https:\/\/ollercontract.com\/wp-content\/uploads\/nosotros-oller-300x300.jpg 300w, https:\/\/ollercontract.com\/wp-content\/uploads\/nosotros-oller-400x400.jpg 400w, https:\/\/ollercontract.com\/wp-content\/uploads\/nosotros-oller.jpg 528w\" sizes=\"(max-width: 528px) 100vw, 528px\" \/><\/div><\/div><\/div><div class=\"swiper-slide\"><div class=\"fusion-carousel-item-wrapper\"><div class=\"fusion-image-wrapper hover-type-none\"><img decoding=\"async\" width=\"528\" height=\"528\" src=\"https:\/\/ollercontract.com\/wp-content\/uploads\/oller-seleccionando-telas.jpg\" class=\"attachment-full size-full\" alt=\"decoradoras barcelona\" srcset=\"https:\/\/ollercontract.com\/wp-content\/uploads\/oller-seleccionando-telas-66x66.jpg 66w, https:\/\/ollercontract.com\/wp-content\/uploads\/oller-seleccionando-telas-150x150.jpg 150w, https:\/\/ollercontract.com\/wp-content\/uploads\/oller-seleccionando-telas-200x200.jpg 200w, https:\/\/ollercontract.com\/wp-content\/uploads\/oller-seleccionando-telas-300x300.jpg 300w, https:\/\/ollercontract.com\/wp-content\/uploads\/oller-seleccionando-telas-400x400.jpg 400w, https:\/\/ollercontract.com\/wp-content\/uploads\/oller-seleccionando-telas.jpg 528w\" sizes=\"(max-width: 528px) 100vw, 528px\" \/><\/div><\/div><\/div><div class=\"swiper-slide\"><div class=\"fusion-carousel-item-wrapper\"><div class=\"fusion-image-wrapper hover-type-none\"><img decoding=\"async\" width=\"528\" height=\"528\" src=\"https:\/\/ollercontract.com\/wp-content\/uploads\/decoradoras-barcelona.jpg\" class=\"attachment-full size-full\" alt=\"decoradoras barcelona\" srcset=\"https:\/\/ollercontract.com\/wp-content\/uploads\/decoradoras-barcelona-66x66.jpg 66w, https:\/\/ollercontract.com\/wp-content\/uploads\/decoradoras-barcelona-150x150.jpg 150w, https:\/\/ollercontract.com\/wp-content\/uploads\/decoradoras-barcelona-200x200.jpg 200w, https:\/\/ollercontract.com\/wp-content\/uploads\/decoradoras-barcelona-300x300.jpg 300w, https:\/\/ollercontract.com\/wp-content\/uploads\/decoradoras-barcelona-400x400.jpg 400w, https:\/\/ollercontract.com\/wp-content\/uploads\/decoradoras-barcelona.jpg 528w\" sizes=\"(max-width: 528px) 100vw, 528px\" \/><\/div><\/div><\/div><div class=\"swiper-slide\"><div class=\"fusion-carousel-item-wrapper\"><div class=\"fusion-image-wrapper hover-type-none\"><img decoding=\"async\" width=\"528\" height=\"528\" src=\"https:\/\/ollercontract.com\/wp-content\/uploads\/gemma-pocorull.jpg\" class=\"attachment-full size-full\" alt=\"oller contract\" srcset=\"https:\/\/ollercontract.com\/wp-content\/uploads\/gemma-pocorull-66x66.jpg 66w, https:\/\/ollercontract.com\/wp-content\/uploads\/gemma-pocorull-150x150.jpg 150w, https:\/\/ollercontract.com\/wp-content\/uploads\/gemma-pocorull-200x200.jpg 200w, https:\/\/ollercontract.com\/wp-content\/uploads\/gemma-pocorull-300x300.jpg 300w, https:\/\/ollercontract.com\/wp-content\/uploads\/gemma-pocorull-400x400.jpg 400w, https:\/\/ollercontract.com\/wp-content\/uploads\/gemma-pocorull.jpg 528w\" sizes=\"(max-width: 528px) 100vw, 528px\" \/><\/div><\/div><\/div><div class=\"swiper-slide\"><div class=\"fusion-carousel-item-wrapper\"><div class=\"fusion-image-wrapper hover-type-none\"><img decoding=\"async\" width=\"528\" height=\"528\" src=\"https:\/\/ollercontract.com\/wp-content\/uploads\/nosotros-1.jpg\" class=\"attachment-full size-full\" alt=\"oller contract\" srcset=\"https:\/\/ollercontract.com\/wp-content\/uploads\/nosotros-1-66x66.jpg 66w, https:\/\/ollercontract.com\/wp-content\/uploads\/nosotros-1-150x150.jpg 150w, https:\/\/ollercontract.com\/wp-content\/uploads\/nosotros-1-200x200.jpg 200w, https:\/\/ollercontract.com\/wp-content\/uploads\/nosotros-1-300x300.jpg 300w, https:\/\/ollercontract.com\/wp-content\/uploads\/nosotros-1-400x400.jpg 400w, https:\/\/ollercontract.com\/wp-content\/uploads\/nosotros-1.jpg 528w\" sizes=\"(max-width: 528px) 100vw, 528px\" \/><\/div><\/div><\/div><\/div><div class=\"awb-swiper-button awb-swiper-button-prev\"><i class=\"awb-icon-angle-left\" aria-hidden=\"true\"><\/i><\/div><div class=\"awb-swiper-button awb-swiper-button-next\"><i class=\"awb-icon-angle-right\" aria-hidden=\"true\"><\/i><\/div><\/div><\/div><div class=\"fusion-clearfix\"><\/div><\/div><\/div><\/div><\/div>\n","protected":false},"excerpt":{"rendered":"","protected":false},"author":2,"featured_media":0,"parent":0,"menu_order":0,"comment_status":"closed","ping_status":"closed","template":"100-width.php","meta":{"footnotes":""},"class_list":["post-627","page","type-page","status-publish","hentry"],"yoast_head":"<!-- This site is optimized with the Yoast SEO plugin v27.3 - https:\/\/yoast.com\/product\/yoast-seo-wordpress\/ -->\n<title>T\u00e8xtil per a contract \u2013 Cortines, tapissos i confecci\u00f3 decorativa<\/title>\n<meta name=\"description\" content=\"Oller Contract \u00e9s el resultat de la passi\u00f3 de Gemma Pocorull Oller i del seu equip en t\u00e8xtil per a professionals. Subministrament de complements per a vestir espais.\" \/>\n<meta name=\"robots\" content=\"index, follow, max-snippet:-1, max-image-preview:large, max-video-preview:-1\" \/>\n<link rel=\"canonical\" href=\"https:\/\/ollercontract.com\/ca\/textil-canal-contract\/\" \/>\n<meta property=\"og:locale\" content=\"ca_ES\" \/>\n<meta property=\"og:type\" content=\"article\" \/>\n<meta property=\"og:title\" content=\"T\u00e8xtil per a contract \u2013 Cortines, tapissos i confecci\u00f3 decorativa\" \/>\n<meta property=\"og:description\" content=\"Oller Contract \u00e9s el resultat de la passi\u00f3 de Gemma Pocorull Oller i del seu equip en t\u00e8xtil per a professionals. Subministrament de complements per a vestir espais.\" \/>\n<meta property=\"og:url\" content=\"https:\/\/ollercontract.com\/ca\/textil-canal-contract\/\" \/>\n<meta property=\"og:site_name\" content=\"Oller Decoraci\u00f3\" \/>\n<meta property=\"article:modified_time\" content=\"2019-07-24T11:27:02+00:00\" \/>\n<meta name=\"twitter:card\" content=\"summary_large_image\" \/>\n<meta name=\"twitter:label1\" content=\"Temps estimat de lectura\" \/>\n\t<meta name=\"twitter:data1\" content=\"3 minuts\" \/>\n<script type=\"application\/ld+json\" class=\"yoast-schema-graph\">{\"@context\":\"https:\\\/\\\/schema.org\",\"@graph\":[{\"@type\":\"WebPage\",\"@id\":\"https:\\\/\\\/ollercontract.com\\\/ca\\\/textil-canal-contract\\\/\",\"url\":\"https:\\\/\\\/ollercontract.com\\\/ca\\\/textil-canal-contract\\\/\",\"name\":\"T\u00e8xtil per a contract \u2013 Cortines, tapissos i confecci\u00f3 decorativa\",\"isPartOf\":{\"@id\":\"https:\\\/\\\/ollercontract.com\\\/ca\\\/#website\"},\"datePublished\":\"2018-01-16T10:51:31+00:00\",\"dateModified\":\"2019-07-24T11:27:02+00:00\",\"description\":\"Oller Contract \u00e9s el resultat de la passi\u00f3 de Gemma Pocorull Oller i del seu equip en t\u00e8xtil per a professionals. Subministrament de complements per a vestir espais.\",\"breadcrumb\":{\"@id\":\"https:\\\/\\\/ollercontract.com\\\/ca\\\/textil-canal-contract\\\/#breadcrumb\"},\"inLanguage\":\"ca\",\"potentialAction\":[{\"@type\":\"ReadAction\",\"target\":[\"https:\\\/\\\/ollercontract.com\\\/ca\\\/textil-canal-contract\\\/\"]}]},{\"@type\":\"BreadcrumbList\",\"@id\":\"https:\\\/\\\/ollercontract.com\\\/ca\\\/textil-canal-contract\\\/#breadcrumb\",\"itemListElement\":[{\"@type\":\"ListItem\",\"position\":1,\"name\":\"Home\",\"item\":\"https:\\\/\\\/ollercontract.com\\\/ca\\\/\"},{\"@type\":\"ListItem\",\"position\":2,\"name\":\"T\u00e8xtil per a canal contract\"}]},{\"@type\":\"WebSite\",\"@id\":\"https:\\\/\\\/ollercontract.com\\\/ca\\\/#website\",\"url\":\"https:\\\/\\\/ollercontract.com\\\/ca\\\/\",\"name\":\"Oller Decoraci\u00f3\",\"description\":\"Tienda de pintura en Granollers\",\"potentialAction\":[{\"@type\":\"SearchAction\",\"target\":{\"@type\":\"EntryPoint\",\"urlTemplate\":\"https:\\\/\\\/ollercontract.com\\\/ca\\\/?s={search_term_string}\"},\"query-input\":{\"@type\":\"PropertyValueSpecification\",\"valueRequired\":true,\"valueName\":\"search_term_string\"}}],\"inLanguage\":\"ca\"}]}<\/script>\n<!-- \/ Yoast SEO plugin. -->","yoast_head_json":{"title":"T\u00e8xtil per a contract \u2013 Cortines, tapissos i confecci\u00f3 decorativa","description":"Oller Contract \u00e9s el resultat de la passi\u00f3 de Gemma Pocorull Oller i del seu equip en t\u00e8xtil per a professionals. Subministrament de complements per a vestir espais.","robots":{"index":"index","follow":"follow","max-snippet":"max-snippet:-1","max-image-preview":"max-image-preview:large","max-video-preview":"max-video-preview:-1"},"canonical":"https:\/\/ollercontract.com\/ca\/textil-canal-contract\/","og_locale":"ca_ES","og_type":"article","og_title":"T\u00e8xtil per a contract \u2013 Cortines, tapissos i confecci\u00f3 decorativa","og_description":"Oller Contract \u00e9s el resultat de la passi\u00f3 de Gemma Pocorull Oller i del seu equip en t\u00e8xtil per a professionals. Subministrament de complements per a vestir espais.","og_url":"https:\/\/ollercontract.com\/ca\/textil-canal-contract\/","og_site_name":"Oller Decoraci\u00f3","article_modified_time":"2019-07-24T11:27:02+00:00","twitter_card":"summary_large_image","twitter_misc":{"Temps estimat de lectura":"3 minuts"},"schema":{"@context":"https:\/\/schema.org","@graph":[{"@type":"WebPage","@id":"https:\/\/ollercontract.com\/ca\/textil-canal-contract\/","url":"https:\/\/ollercontract.com\/ca\/textil-canal-contract\/","name":"T\u00e8xtil per a contract \u2013 Cortines, tapissos i confecci\u00f3 decorativa","isPartOf":{"@id":"https:\/\/ollercontract.com\/ca\/#website"},"datePublished":"2018-01-16T10:51:31+00:00","dateModified":"2019-07-24T11:27:02+00:00","description":"Oller Contract \u00e9s el resultat de la passi\u00f3 de Gemma Pocorull Oller i del seu equip en t\u00e8xtil per a professionals. Subministrament de complements per a vestir espais.","breadcrumb":{"@id":"https:\/\/ollercontract.com\/ca\/textil-canal-contract\/#breadcrumb"},"inLanguage":"ca","potentialAction":[{"@type":"ReadAction","target":["https:\/\/ollercontract.com\/ca\/textil-canal-contract\/"]}]},{"@type":"BreadcrumbList","@id":"https:\/\/ollercontract.com\/ca\/textil-canal-contract\/#breadcrumb","itemListElement":[{"@type":"ListItem","position":1,"name":"Home","item":"https:\/\/ollercontract.com\/ca\/"},{"@type":"ListItem","position":2,"name":"T\u00e8xtil per a canal contract"}]},{"@type":"WebSite","@id":"https:\/\/ollercontract.com\/ca\/#website","url":"https:\/\/ollercontract.com\/ca\/","name":"Oller Decoraci\u00f3","description":"Tienda de pintura en Granollers","potentialAction":[{"@type":"SearchAction","target":{"@type":"EntryPoint","urlTemplate":"https:\/\/ollercontract.com\/ca\/?s={search_term_string}"},"query-input":{"@type":"PropertyValueSpecification","valueRequired":true,"valueName":"search_term_string"}}],"inLanguage":"ca"}]}},"_links":{"self":[{"href":"https:\/\/ollercontract.com\/ca\/wp-json\/wp\/v2\/pages\/627","targetHints":{"allow":["GET"]}}],"collection":[{"href":"https:\/\/ollercontract.com\/ca\/wp-json\/wp\/v2\/pages"}],"about":[{"href":"https:\/\/ollercontract.com\/ca\/wp-json\/wp\/v2\/types\/page"}],"author":[{"embeddable":true,"href":"https:\/\/ollercontract.com\/ca\/wp-json\/wp\/v2\/users\/2"}],"replies":[{"embeddable":true,"href":"https:\/\/ollercontract.com\/ca\/wp-json\/wp\/v2\/comments?post=627"}],"version-history":[{"count":1,"href":"https:\/\/ollercontract.com\/ca\/wp-json\/wp\/v2\/pages\/627\/revisions"}],"predecessor-version":[{"id":1703,"href":"https:\/\/ollercontract.com\/ca\/wp-json\/wp\/v2\/pages\/627\/revisions\/1703"}],"wp:attachment":[{"href":"https:\/\/ollercontract.com\/ca\/wp-json\/wp\/v2\/media?parent=627"}],"curies":[{"name":"wp","href":"https:\/\/api.w.org\/{rel}","templated":true}]}}