{"id":610,"date":"2018-01-16T11:48:45","date_gmt":"2018-01-16T10:48:45","guid":{"rendered":"http:\/\/ollercontract.pruebasweb.com.es\/cortinas-a-medida\/"},"modified":"2018-04-09T13:03:19","modified_gmt":"2018-04-09T11:03:19","slug":"cortines-a-mida","status":"publish","type":"page","link":"https:\/\/ollercontract.com\/ca\/cortines-a-mida\/","title":{"rendered":"Cortines a mida i decoraci\u00f3 t\u00e8xtil"},"content":{"rendered":"<p><div class=\"fusion-fullwidth fullwidth-box fusion-builder-row-1 nonhundred-percent-fullwidth non-hundred-percent-height-scrolling\" style=\"--awb-border-radius-top-left:0px;--awb-border-radius-top-right:0px;--awb-border-radius-bottom-right:0px;--awb-border-radius-bottom-left:0px;--awb-margin-bottom:50px;--awb-flex-wrap:wrap;\" ><div class=\"fusion-builder-row fusion-row\"><div class=\"fusion-layout-column fusion_builder_column fusion-builder-column-0 fusion_builder_column_1_2 1_2 fusion-one-half fusion-column-first\" style=\"--awb-bg-size:cover;width:50%;width:calc(50% - ( ( 4% ) * 0.5 ) );margin-right: 4%;\"><div class=\"fusion-column-wrapper fusion-flex-column-wrapper-legacy\"><div class=\"fusion-text fusion-text-1\"><h3 class=\"titulo\">Subministrem<\/h3>\n<p>Som prove\u00efdors dels cat\u00e0legs de primeres marques en decoraci\u00f3 i t\u00e8xtil per al sector contract, interiorisme i retail. <a href=\"https:\/\/ollercontract.com\/ca\/decoracio-sector-contract\/\">Trobar\u00e0s m\u00e9s informaci\u00f3 a la secci\u00f3 de Productes<\/a>.<\/p>\n<\/div><div class=\"fusion-clearfix\"><\/div><\/div><\/div><div class=\"fusion-layout-column fusion_builder_column fusion-builder-column-1 fusion_builder_column_1_2 1_2 fusion-one-half fusion-column-last\" style=\"--awb-bg-size:cover;width:50%;width:calc(50% - ( ( 4% ) * 0.5 ) );\"><div class=\"fusion-column-wrapper fusion-flex-column-wrapper-legacy\"><div class=\"fusion-text fusion-text-2\"><h3 class=\"titulo\">Instal\u2022lem<\/h3>\n<p>Si ho necessites, podem encarregar-nos tamb\u00e9 de la instal\u2022laci\u00f3 de qualsevol dels nostres productes. Oferim un servei pulcre, efica\u00e7 i solvent que t\u2019assegura uns acabats de gran qualitat.<\/p>\n<\/div><div class=\"fusion-clearfix\"><\/div><\/div><\/div><div class=\"fusion-layout-column fusion_builder_column fusion-builder-column-2 fusion_builder_column_1_2 1_2 fusion-one-half fusion-column-first\" style=\"--awb-bg-size:cover;width:50%;width:calc(50% - ( ( 4% ) * 0.5 ) );margin-right: 4%;\"><div class=\"fusion-column-wrapper fusion-flex-column-wrapper-legacy\"><div class=\"fusion-text fusion-text-3\"><h3 class=\"titulo\">Confeccionem<\/h3>\n<p>Comptem amb una xarxa de tallers de confecci\u00f3 que s\u2019encarreguen de l\u2019elaboraci\u00f3 de les cortines. Un element que aporta tant de car\u00e0cter al projecte decoratiu, necessita ser creat a la teva mida.<\/p>\n<\/div><div class=\"fusion-clearfix\"><\/div><\/div><\/div><div class=\"fusion-layout-column fusion_builder_column fusion-builder-column-3 fusion_builder_column_1_2 1_2 fusion-one-half fusion-column-last\" style=\"--awb-bg-size:cover;width:50%;width:calc(50% - ( ( 4% ) * 0.5 ) );\"><div class=\"fusion-column-wrapper fusion-flex-column-wrapper-legacy\"><div class=\"fusion-text fusion-text-4\"><h3 class=\"titulo\">Assessorem<\/h3>\n<p>Som especialistes en el sector de les cortines, el que ens col\u2022loca en situaci\u00f3 de poder col\u2022laborar amb alternatives imaginatives i solucions eficaces, quan necessites resoldre situacions especials durant l\u2019execuci\u00f3 del projecte.<\/p>\n<\/div><div class=\"fusion-clearfix\"><\/div><\/div><\/div><\/div><\/div><div class=\"fusion-fullwidth fullwidth-box fusion-builder-row-2 fusion-parallax-fixed hundred-percent-fullwidth non-hundred-percent-height-scrolling\" style=\"--awb-background-blend-mode:overlay;--awb-border-radius-top-left:0px;--awb-border-radius-top-right:0px;--awb-border-radius-bottom-right:0px;--awb-border-radius-bottom-left:0px;--awb-padding-top:110px;--awb-padding-right:0px;--awb-padding-bottom:50px;--awb-padding-left:0px;--awb-background-color:rgba(63,127,121,0.54);--awb-background-image:url(&quot;https:\/\/ollercontract.com\/wp-content\/uploads\/fondo-footer.jpg&quot;);--awb-background-size:cover;--awb-flex-wrap:wrap;background-attachment:fixed;\" ><div class=\"fusion-builder-row fusion-row\"><div class=\"fusion-layout-column fusion_builder_column fusion-builder-column-4 fusion_builder_column_1_1 1_1 fusion-one-full fusion-column-first fusion-column-last\" style=\"--awb-bg-size:cover;\"><div class=\"fusion-column-wrapper fusion-flex-column-wrapper-legacy\"><div class=\"fusion-text fusion-text-5\"><h2 style=\"text-align: center;\"><span style=\"color: #ffffff;\">Quin valor afegit aporta Oller Contract als teus projectes?<\/span><\/h2>\n<\/div><div class=\"fusion-clearfix\"><\/div><\/div><\/div><\/div><\/div><div class=\"fusion-fullwidth fullwidth-box fusion-builder-row-3 nonhundred-percent-fullwidth non-hundred-percent-height-scrolling\" style=\"--awb-border-radius-top-left:0px;--awb-border-radius-top-right:0px;--awb-border-radius-bottom-right:0px;--awb-border-radius-bottom-left:0px;--awb-margin-top:50px;--awb-margin-bottom:50px;--awb-flex-wrap:wrap;\" ><div class=\"fusion-builder-row fusion-row\"><div class=\"fusion-layout-column fusion_builder_column fusion-builder-column-5 fusion_builder_column_1_3 1_3 fusion-one-third fusion-column-first\" style=\"--awb-bg-size:cover;width:33.333333333333%;width:calc(33.333333333333% - ( ( 4% + 4% ) * 0.33333333333333 ) );margin-right: 4%;\"><div class=\"fusion-column-wrapper fusion-flex-column-wrapper-legacy\"><div class=\"fusion-text fusion-text-6\"><h5 class=\"titulo\">Confeccionem sempre a mida<\/h5>\n<p>No treballem amb un cat\u00e0leg estandaritzat en el que tens que aconseguir encaixar el teu projecte decoratiu, sin\u00f3 que realitzem la confecci\u00f3 \u00edntegra de les cortines a partir de les teves necessitats, oferint total llibertat.<\/p>\n<\/div><div class=\"fusion-clearfix\"><\/div><\/div><\/div><div class=\"fusion-layout-column fusion_builder_column fusion-builder-column-6 fusion_builder_column_1_3 1_3 fusion-one-third\" style=\"--awb-bg-size:cover;width:33.333333333333%;width:calc(33.333333333333% - ( ( 4% + 4% ) * 0.33333333333333 ) );margin-right: 4%;\"><div class=\"fusion-column-wrapper fusion-flex-column-wrapper-legacy\"><div class=\"fusion-text fusion-text-7\"><h5 class=\"titulo\">Som molt flexibles<\/h5>\n<p>Oller Contract est\u00e0 format per un equip redu\u00eft que gestiona un ampli ventall de prove\u00efdors. Aix\u00f2 ens fa molt flexibles i din\u00e0mics, capa\u00e7os d\u2019aportar solucions a situacions imprevistes i esquivar incid\u00e8ncies fins i tot abans de que es presentin.<\/p>\n<\/div><div class=\"fusion-clearfix\"><\/div><\/div><\/div><div class=\"fusion-layout-column fusion_builder_column fusion-builder-column-7 fusion_builder_column_1_3 1_3 fusion-one-third fusion-column-last\" style=\"--awb-bg-size:cover;width:33.333333333333%;width:calc(33.333333333333% - ( ( 4% + 4% ) * 0.33333333333333 ) );\"><div class=\"fusion-column-wrapper fusion-flex-column-wrapper-legacy\"><div class=\"fusion-text fusion-text-8\"><h5 class=\"titulo\">Comptem amb una xarxa de tallers<\/h5>\n<p>Treballem amb col\u2022laboraci\u00f3 d\u2019una xarxa de tallers de m\u00e0xima confian\u00e7a, el que ens permet ser \u00e0gils en les entregues i tot i aix\u00ed contenir costos. Per\u00f2 com que no som fabricants, la nostra feina est\u00e0 enfocada a servir les teves necessitats.<\/p>\n<\/div><div class=\"fusion-clearfix\"><\/div><\/div><\/div><\/div><\/div><\/p>\n","protected":false},"excerpt":{"rendered":"","protected":false},"author":2,"featured_media":0,"parent":0,"menu_order":0,"comment_status":"closed","ping_status":"closed","template":"100-width.php","meta":{"footnotes":""},"class_list":["post-610","page","type-page","status-publish","hentry"],"yoast_head":"<!-- This site is optimized with the Yoast SEO plugin v27.4 - https:\/\/yoast.com\/product\/yoast-seo-wordpress\/ -->\n<title>Cortines a mida i decoraci\u00f3 t\u00e8xtil<\/title>\n<meta name=\"description\" content=\"Subministrament, instal\u2022laci\u00f3 i confecci\u00f3 de cortines a mida i decoraci\u00f3 t\u00e8xtil per al sector contract, interiorisme i retail\" \/>\n<meta name=\"robots\" content=\"index, follow, max-snippet:-1, max-image-preview:large, max-video-preview:-1\" \/>\n<link rel=\"canonical\" href=\"https:\/\/ollercontract.com\/ca\/cortines-a-mida\/\" \/>\n<meta property=\"og:locale\" content=\"ca_ES\" \/>\n<meta property=\"og:type\" content=\"article\" \/>\n<meta property=\"og:title\" content=\"Cortines a mida i decoraci\u00f3 t\u00e8xtil\" \/>\n<meta property=\"og:description\" content=\"Subministrament, instal\u2022laci\u00f3 i confecci\u00f3 de cortines a mida i decoraci\u00f3 t\u00e8xtil per al sector contract, interiorisme i retail\" \/>\n<meta property=\"og:url\" content=\"https:\/\/ollercontract.com\/ca\/cortines-a-mida\/\" \/>\n<meta property=\"og:site_name\" content=\"Oller Decoraci\u00f3\" \/>\n<meta property=\"article:modified_time\" content=\"2018-04-09T11:03:19+00:00\" \/>\n<meta name=\"twitter:card\" content=\"summary_large_image\" \/>\n<meta name=\"twitter:label1\" content=\"Temps estimat de lectura\" \/>\n\t<meta name=\"twitter:data1\" content=\"6 minuts\" \/>\n<script type=\"application\/ld+json\" class=\"yoast-schema-graph\">{\"@context\":\"https:\\\/\\\/schema.org\",\"@graph\":[{\"@type\":\"WebPage\",\"@id\":\"https:\\\/\\\/ollercontract.com\\\/ca\\\/cortines-a-mida\\\/\",\"url\":\"https:\\\/\\\/ollercontract.com\\\/ca\\\/cortines-a-mida\\\/\",\"name\":\"Cortines a mida i decoraci\u00f3 t\u00e8xtil\",\"isPartOf\":{\"@id\":\"https:\\\/\\\/ollercontract.com\\\/ca\\\/#website\"},\"datePublished\":\"2018-01-16T10:48:45+00:00\",\"dateModified\":\"2018-04-09T11:03:19+00:00\",\"description\":\"Subministrament, instal\u2022laci\u00f3 i confecci\u00f3 de cortines a mida i decoraci\u00f3 t\u00e8xtil per al sector contract, interiorisme i retail\",\"breadcrumb\":{\"@id\":\"https:\\\/\\\/ollercontract.com\\\/ca\\\/cortines-a-mida\\\/#breadcrumb\"},\"inLanguage\":\"ca\",\"potentialAction\":[{\"@type\":\"ReadAction\",\"target\":[\"https:\\\/\\\/ollercontract.com\\\/ca\\\/cortines-a-mida\\\/\"]}]},{\"@type\":\"BreadcrumbList\",\"@id\":\"https:\\\/\\\/ollercontract.com\\\/ca\\\/cortines-a-mida\\\/#breadcrumb\",\"itemListElement\":[{\"@type\":\"ListItem\",\"position\":1,\"name\":\"Home\",\"item\":\"https:\\\/\\\/ollercontract.com\\\/ca\\\/\"},{\"@type\":\"ListItem\",\"position\":2,\"name\":\"Cortines a mida i decoraci\u00f3 t\u00e8xtil\"}]},{\"@type\":\"WebSite\",\"@id\":\"https:\\\/\\\/ollercontract.com\\\/ca\\\/#website\",\"url\":\"https:\\\/\\\/ollercontract.com\\\/ca\\\/\",\"name\":\"Oller Decoraci\u00f3\",\"description\":\"Tienda de pintura en Granollers\",\"potentialAction\":[{\"@type\":\"SearchAction\",\"target\":{\"@type\":\"EntryPoint\",\"urlTemplate\":\"https:\\\/\\\/ollercontract.com\\\/ca\\\/?s={search_term_string}\"},\"query-input\":{\"@type\":\"PropertyValueSpecification\",\"valueRequired\":true,\"valueName\":\"search_term_string\"}}],\"inLanguage\":\"ca\"}]}<\/script>\n<!-- \/ Yoast SEO plugin. -->","yoast_head_json":{"title":"Cortines a mida i decoraci\u00f3 t\u00e8xtil","description":"Subministrament, instal\u2022laci\u00f3 i confecci\u00f3 de cortines a mida i decoraci\u00f3 t\u00e8xtil per al sector contract, interiorisme i retail","robots":{"index":"index","follow":"follow","max-snippet":"max-snippet:-1","max-image-preview":"max-image-preview:large","max-video-preview":"max-video-preview:-1"},"canonical":"https:\/\/ollercontract.com\/ca\/cortines-a-mida\/","og_locale":"ca_ES","og_type":"article","og_title":"Cortines a mida i decoraci\u00f3 t\u00e8xtil","og_description":"Subministrament, instal\u2022laci\u00f3 i confecci\u00f3 de cortines a mida i decoraci\u00f3 t\u00e8xtil per al sector contract, interiorisme i retail","og_url":"https:\/\/ollercontract.com\/ca\/cortines-a-mida\/","og_site_name":"Oller Decoraci\u00f3","article_modified_time":"2018-04-09T11:03:19+00:00","twitter_card":"summary_large_image","twitter_misc":{"Temps estimat de lectura":"6 minuts"},"schema":{"@context":"https:\/\/schema.org","@graph":[{"@type":"WebPage","@id":"https:\/\/ollercontract.com\/ca\/cortines-a-mida\/","url":"https:\/\/ollercontract.com\/ca\/cortines-a-mida\/","name":"Cortines a mida i decoraci\u00f3 t\u00e8xtil","isPartOf":{"@id":"https:\/\/ollercontract.com\/ca\/#website"},"datePublished":"2018-01-16T10:48:45+00:00","dateModified":"2018-04-09T11:03:19+00:00","description":"Subministrament, instal\u2022laci\u00f3 i confecci\u00f3 de cortines a mida i decoraci\u00f3 t\u00e8xtil per al sector contract, interiorisme i retail","breadcrumb":{"@id":"https:\/\/ollercontract.com\/ca\/cortines-a-mida\/#breadcrumb"},"inLanguage":"ca","potentialAction":[{"@type":"ReadAction","target":["https:\/\/ollercontract.com\/ca\/cortines-a-mida\/"]}]},{"@type":"BreadcrumbList","@id":"https:\/\/ollercontract.com\/ca\/cortines-a-mida\/#breadcrumb","itemListElement":[{"@type":"ListItem","position":1,"name":"Home","item":"https:\/\/ollercontract.com\/ca\/"},{"@type":"ListItem","position":2,"name":"Cortines a mida i decoraci\u00f3 t\u00e8xtil"}]},{"@type":"WebSite","@id":"https:\/\/ollercontract.com\/ca\/#website","url":"https:\/\/ollercontract.com\/ca\/","name":"Oller Decoraci\u00f3","description":"Tienda de pintura en Granollers","potentialAction":[{"@type":"SearchAction","target":{"@type":"EntryPoint","urlTemplate":"https:\/\/ollercontract.com\/ca\/?s={search_term_string}"},"query-input":{"@type":"PropertyValueSpecification","valueRequired":true,"valueName":"search_term_string"}}],"inLanguage":"ca"}]}},"_links":{"self":[{"href":"https:\/\/ollercontract.com\/ca\/wp-json\/wp\/v2\/pages\/610","targetHints":{"allow":["GET"]}}],"collection":[{"href":"https:\/\/ollercontract.com\/ca\/wp-json\/wp\/v2\/pages"}],"about":[{"href":"https:\/\/ollercontract.com\/ca\/wp-json\/wp\/v2\/types\/page"}],"author":[{"embeddable":true,"href":"https:\/\/ollercontract.com\/ca\/wp-json\/wp\/v2\/users\/2"}],"replies":[{"embeddable":true,"href":"https:\/\/ollercontract.com\/ca\/wp-json\/wp\/v2\/comments?post=610"}],"version-history":[{"count":0,"href":"https:\/\/ollercontract.com\/ca\/wp-json\/wp\/v2\/pages\/610\/revisions"}],"wp:attachment":[{"href":"https:\/\/ollercontract.com\/ca\/wp-json\/wp\/v2\/media?parent=610"}],"curies":[{"name":"wp","href":"https:\/\/api.w.org\/{rel}","templated":true}]}}