{"id":607,"date":"2017-12-13T11:43:06","date_gmt":"2017-12-13T10:43:06","guid":{"rendered":"http:\/\/ollercontract.pruebasweb.com.es\/cookies\/"},"modified":"2026-02-09T10:01:11","modified_gmt":"2026-02-09T09:01:11","slug":"informacio-sobre-cookies","status":"publish","type":"page","link":"https:\/\/ollercontract.com\/ca\/informacio-sobre-cookies\/","title":{"rendered":"Informaci\u00f3 sobre cookies"},"content":{"rendered":"<div class=\"fusion-fullwidth fullwidth-box fusion-builder-row-1 nonhundred-percent-fullwidth non-hundred-percent-height-scrolling\" style=\"--awb-border-radius-top-left:0px;--awb-border-radius-top-right:0px;--awb-border-radius-bottom-right:0px;--awb-border-radius-bottom-left:0px;--awb-margin-bottom:50px;--awb-flex-wrap:wrap;\" ><div class=\"fusion-builder-row fusion-row\"><div class=\"fusion-layout-column fusion_builder_column fusion-builder-column-0 fusion_builder_column_1_1 1_1 fusion-one-full fusion-column-first fusion-column-last\" style=\"--awb-bg-size:cover;--awb-margin-bottom:0px;\"><div class=\"fusion-column-wrapper fusion-flex-column-wrapper-legacy\"><div class=\"fusion-text fusion-text-1\"><h3 data-fontsize=\"26\" data-lineheight=\"39\">\u00das de cookies<\/h3>\n<p>En el nostre lloc web utilitzem cookies pr\u00f2pies i tercers (Google Analytics) per a millorar la teva experi\u00e8ncia d\u2019usuari i recollir dades estad\u00edstiques sobre l\u2019\u00fas del nostre web per part de tots els usuaris. Les cookies s\u2019associen \u00fanicament al navegador que est\u00e0 utilitzant, de manera que n\u2019emmagatzema cap tipus de dada personal sobre l\u2019usuari que visita la nostra p\u00e0gina web. Vost\u00e8 pot configurar el seu navegador per a que li notifiqui i\/o rebutgi la instal\u2022laci\u00f3 de les cookies, sense que aix\u00f2 perjudiqui la possibilitat de l\u2019usuari de poder accedir a les diferents zones del nostre web, excepte al servei de xat de suport t\u00e8cnic.<\/p>\n<p>Si navegues pel nostre web, estar\u00e0s acceptant l\u2019\u00fas de les cookies en les condicions establertes en aquesta Pol\u00edtica de Cookies. Aquesta pol\u00edtica pot ser actualitzada, pel que t\u2019invitem a revisar-la de forma regular.<\/p>\n<h3 data-fontsize=\"26\" data-lineheight=\"39\">Qu\u00e8 s\u00f3n les cookies?<\/h3>\n<p>S\u00f3n petits fitxers de dades que el servidor d\u2019Internet envia al dispositiu amb el que et connectes als nostres webs i aquest s\u2019arxiva. S\u2019associen \u00fanicament al teu navegador i no proporcionen per s\u00ed mateixes dades personals. Les cookies no poden danyar el teu dispositiu i a m\u00e9s s\u00f3n molt \u00fatils, ja que ens ajuden a identificar i resoldre errors.<\/p>\n<h3 data-fontsize=\"26\" data-lineheight=\"39\">Cookies de xarxes socials<\/h3>\n<p>A la nostra p\u00e0gina web s\u2019inclouen botons que els usuaris poden utilitzar, de forma senzilla i intu\u00eftiva, per enlla\u00e7ar i compartir certs continguts a les xarxes socials como Facebook, Twitter, Google+, linkedin o pinterest. Aquesta funcionalitat comporta l\u2019\u00fas de cookies que enllacen amb aquestes p\u00e0gines web d\u2019aquests xarxes socials, emmagatzemant la informaci\u00f3 \u00fanicament en elles.<\/p>\n<h3 data-fontsize=\"26\" data-lineheight=\"39\">Configuraci\u00f3 de les cookies<\/h3>\n<p>Pots consultar les passes per a deshabilitar la instal\u2022laci\u00f3 de cookiees en la secci\u00f3 de \u201cAjuda\u201d del teu navegador: Microsoft Internet Explorer, Google Chrome, Safari, Mozilla Firefox y Opera.<\/p>\n<p>Molts navegadors permeten activar un mode privat mitjan\u00e7ant el qual les cookies s\u2019esborren sempre despr\u00e9s de la teva visita al web. Depenent de cada navegador aquest mode privat pot tenir diferents noms. A continuaci\u00f3 trobar\u00e0 una llista dels navegadors m\u00e9s comuns i els diferents noms d\u2019aquest \u201cmode privat\u201d.<\/p>\n<ul>\n<li>Internet Explorer 8 i superior \u2013 InPrivate<\/li>\n<li>Microsoft Edge<\/li>\n<li>Opera 10.5 i superior \u2013 Navegaci\u00f3 Privada<\/li>\n<li>Google Chrome 10 i superior \u2013 Inc\u00f2gnit<\/li>\n<li>Safari 2 i superior \u2013 Navegaci\u00f3 Privada<\/li>\n<li>Firefox 3.5 i superior \u2013 Navegaci\u00f3 Privada<\/li>\n<\/ul>\n<p>A continuaci\u00f3 us detallem la relaci\u00f3 de cookies utilitzades per aquest lloc web.<\/p>\n<table class=\"tabla table\">\n<thead>\n<tr>\n<th>Cookie<\/th>\n<th>Tipus<\/th>\n<th>Durada<\/th>\n<th>Descripci\u00f3<\/th>\n<\/tr>\n<\/thead>\n<tbody>\n<tr>\n<td>qsaw<\/td>\n<td>Pr\u00f2pia<\/td>\n<td>3 dies<\/td>\n<td>Control d\u2019accessos des de Google Adwords<\/td>\n<\/tr>\n<tr>\n<td>qsfb<\/td>\n<td>Pr\u00f2pia<\/td>\n<td>3 dies<\/td>\n<td>Control d\u2019accessos des de Facebook<\/td>\n<\/tr>\n<tr>\n<td>_utmc<\/td>\n<td>De tercers<\/td>\n<td>\u2013 Al finalitzar la sessi\u00f3 de navegaci\u00f3<\/td>\n<td>Utilitzada per Google Analytics<\/td>\n<\/tr>\n<tr>\n<td>_utmv<\/td>\n<td>De tercers<\/td>\n<td>6 mesos<\/td>\n<td>Utilitzada per Google Analytics<\/td>\n<\/tr>\n<tr>\n<td>_utmz<\/td>\n<td>De tercers<\/td>\n<td>2 anys<\/td>\n<td>Utilitzada per Google Analytics<\/td>\n<\/tr>\n<tr>\n<td>__utma<\/td>\n<td>De tercers<\/td>\n<td>2 anys<\/td>\n<td>Utilitzada per Google Analytics<\/td>\n<\/tr>\n<tr>\n<td>__utmb<\/td>\n<td>De tercers<\/td>\n<td>30 minuts<\/td>\n<td>Utilitzada per Google Analytics<\/td>\n<\/tr>\n<\/tbody>\n<\/table>\n<p><strong>M\u00c9S INFORMACI\u00d3<\/strong><\/p>\n<ul>\n<li style=\"text-align: left;\"><a href=\"https:\/\/ollercontract.com\/ca\/avis-legal\/\">Av\u00eds legal<\/a><\/li>\n<li><a href=\"https:\/\/ollercontract.com\/ca\/politica-de-privacitat\/\">Pol\u00edtica de privacitat<\/a><\/li>\n<\/ul>\n<\/div><div class=\"fusion-clearfix\"><\/div><\/div><\/div><\/div><\/div>\n","protected":false},"excerpt":{"rendered":"","protected":false},"author":2,"featured_media":0,"parent":0,"menu_order":0,"comment_status":"closed","ping_status":"closed","template":"","meta":{"footnotes":""},"class_list":["post-607","page","type-page","status-publish","hentry"],"yoast_head":"<!-- This site is optimized with the Yoast SEO plugin v27.4 - https:\/\/yoast.com\/product\/yoast-seo-wordpress\/ -->\n<title>Oller Contract - Decoraci\u00f3 textil i cortines a mida<\/title>\n<meta name=\"description\" content=\"Informaci\u00f3 sobre cookies a la nostra web. Oller Contract es fabricant de cortines a mida i distribuci\u00f3 de decoraci\u00f3 per professionals.\" \/>\n<meta name=\"robots\" content=\"index, follow, max-snippet:-1, max-image-preview:large, max-video-preview:-1\" \/>\n<link rel=\"canonical\" href=\"https:\/\/ollercontract.com\/ca\/informacio-sobre-cookies\/\" \/>\n<meta property=\"og:locale\" content=\"ca_ES\" \/>\n<meta property=\"og:type\" content=\"article\" \/>\n<meta property=\"og:title\" content=\"Oller Contract - Decoraci\u00f3 textil i cortines a mida\" \/>\n<meta property=\"og:description\" content=\"Informaci\u00f3 sobre cookies a la nostra web. Oller Contract es fabricant de cortines a mida i distribuci\u00f3 de decoraci\u00f3 per professionals.\" \/>\n<meta property=\"og:url\" content=\"https:\/\/ollercontract.com\/ca\/informacio-sobre-cookies\/\" \/>\n<meta property=\"og:site_name\" content=\"Oller Decoraci\u00f3\" \/>\n<meta property=\"article:modified_time\" content=\"2026-02-09T09:01:11+00:00\" \/>\n<meta name=\"twitter:card\" content=\"summary_large_image\" \/>\n<meta name=\"twitter:label1\" content=\"Temps estimat de lectura\" \/>\n\t<meta name=\"twitter:data1\" content=\"3 minuts\" \/>\n<script type=\"application\/ld+json\" class=\"yoast-schema-graph\">{\"@context\":\"https:\\\/\\\/schema.org\",\"@graph\":[{\"@type\":\"WebPage\",\"@id\":\"https:\\\/\\\/ollercontract.com\\\/ca\\\/informacio-sobre-cookies\\\/\",\"url\":\"https:\\\/\\\/ollercontract.com\\\/ca\\\/informacio-sobre-cookies\\\/\",\"name\":\"Oller Contract - Decoraci\u00f3 textil i cortines a mida\",\"isPartOf\":{\"@id\":\"https:\\\/\\\/ollercontract.com\\\/ca\\\/#website\"},\"datePublished\":\"2017-12-13T10:43:06+00:00\",\"dateModified\":\"2026-02-09T09:01:11+00:00\",\"description\":\"Informaci\u00f3 sobre cookies a la nostra web. Oller Contract es fabricant de cortines a mida i distribuci\u00f3 de decoraci\u00f3 per professionals.\",\"breadcrumb\":{\"@id\":\"https:\\\/\\\/ollercontract.com\\\/ca\\\/informacio-sobre-cookies\\\/#breadcrumb\"},\"inLanguage\":\"ca\",\"potentialAction\":[{\"@type\":\"ReadAction\",\"target\":[\"https:\\\/\\\/ollercontract.com\\\/ca\\\/informacio-sobre-cookies\\\/\"]}]},{\"@type\":\"BreadcrumbList\",\"@id\":\"https:\\\/\\\/ollercontract.com\\\/ca\\\/informacio-sobre-cookies\\\/#breadcrumb\",\"itemListElement\":[{\"@type\":\"ListItem\",\"position\":1,\"name\":\"Home\",\"item\":\"https:\\\/\\\/ollercontract.com\\\/ca\\\/\"},{\"@type\":\"ListItem\",\"position\":2,\"name\":\"Informaci\u00f3 sobre cookies\"}]},{\"@type\":\"WebSite\",\"@id\":\"https:\\\/\\\/ollercontract.com\\\/ca\\\/#website\",\"url\":\"https:\\\/\\\/ollercontract.com\\\/ca\\\/\",\"name\":\"Oller Decoraci\u00f3\",\"description\":\"Tienda de pintura en Granollers\",\"potentialAction\":[{\"@type\":\"SearchAction\",\"target\":{\"@type\":\"EntryPoint\",\"urlTemplate\":\"https:\\\/\\\/ollercontract.com\\\/ca\\\/?s={search_term_string}\"},\"query-input\":{\"@type\":\"PropertyValueSpecification\",\"valueRequired\":true,\"valueName\":\"search_term_string\"}}],\"inLanguage\":\"ca\"}]}<\/script>\n<!-- \/ Yoast SEO plugin. -->","yoast_head_json":{"title":"Oller Contract - Decoraci\u00f3 textil i cortines a mida","description":"Informaci\u00f3 sobre cookies a la nostra web. Oller Contract es fabricant de cortines a mida i distribuci\u00f3 de decoraci\u00f3 per professionals.","robots":{"index":"index","follow":"follow","max-snippet":"max-snippet:-1","max-image-preview":"max-image-preview:large","max-video-preview":"max-video-preview:-1"},"canonical":"https:\/\/ollercontract.com\/ca\/informacio-sobre-cookies\/","og_locale":"ca_ES","og_type":"article","og_title":"Oller Contract - Decoraci\u00f3 textil i cortines a mida","og_description":"Informaci\u00f3 sobre cookies a la nostra web. Oller Contract es fabricant de cortines a mida i distribuci\u00f3 de decoraci\u00f3 per professionals.","og_url":"https:\/\/ollercontract.com\/ca\/informacio-sobre-cookies\/","og_site_name":"Oller Decoraci\u00f3","article_modified_time":"2026-02-09T09:01:11+00:00","twitter_card":"summary_large_image","twitter_misc":{"Temps estimat de lectura":"3 minuts"},"schema":{"@context":"https:\/\/schema.org","@graph":[{"@type":"WebPage","@id":"https:\/\/ollercontract.com\/ca\/informacio-sobre-cookies\/","url":"https:\/\/ollercontract.com\/ca\/informacio-sobre-cookies\/","name":"Oller Contract - Decoraci\u00f3 textil i cortines a mida","isPartOf":{"@id":"https:\/\/ollercontract.com\/ca\/#website"},"datePublished":"2017-12-13T10:43:06+00:00","dateModified":"2026-02-09T09:01:11+00:00","description":"Informaci\u00f3 sobre cookies a la nostra web. Oller Contract es fabricant de cortines a mida i distribuci\u00f3 de decoraci\u00f3 per professionals.","breadcrumb":{"@id":"https:\/\/ollercontract.com\/ca\/informacio-sobre-cookies\/#breadcrumb"},"inLanguage":"ca","potentialAction":[{"@type":"ReadAction","target":["https:\/\/ollercontract.com\/ca\/informacio-sobre-cookies\/"]}]},{"@type":"BreadcrumbList","@id":"https:\/\/ollercontract.com\/ca\/informacio-sobre-cookies\/#breadcrumb","itemListElement":[{"@type":"ListItem","position":1,"name":"Home","item":"https:\/\/ollercontract.com\/ca\/"},{"@type":"ListItem","position":2,"name":"Informaci\u00f3 sobre cookies"}]},{"@type":"WebSite","@id":"https:\/\/ollercontract.com\/ca\/#website","url":"https:\/\/ollercontract.com\/ca\/","name":"Oller Decoraci\u00f3","description":"Tienda de pintura en Granollers","potentialAction":[{"@type":"SearchAction","target":{"@type":"EntryPoint","urlTemplate":"https:\/\/ollercontract.com\/ca\/?s={search_term_string}"},"query-input":{"@type":"PropertyValueSpecification","valueRequired":true,"valueName":"search_term_string"}}],"inLanguage":"ca"}]}},"_links":{"self":[{"href":"https:\/\/ollercontract.com\/ca\/wp-json\/wp\/v2\/pages\/607","targetHints":{"allow":["GET"]}}],"collection":[{"href":"https:\/\/ollercontract.com\/ca\/wp-json\/wp\/v2\/pages"}],"about":[{"href":"https:\/\/ollercontract.com\/ca\/wp-json\/wp\/v2\/types\/page"}],"author":[{"embeddable":true,"href":"https:\/\/ollercontract.com\/ca\/wp-json\/wp\/v2\/users\/2"}],"replies":[{"embeddable":true,"href":"https:\/\/ollercontract.com\/ca\/wp-json\/wp\/v2\/comments?post=607"}],"version-history":[{"count":1,"href":"https:\/\/ollercontract.com\/ca\/wp-json\/wp\/v2\/pages\/607\/revisions"}],"predecessor-version":[{"id":6701,"href":"https:\/\/ollercontract.com\/ca\/wp-json\/wp\/v2\/pages\/607\/revisions\/6701"}],"wp:attachment":[{"href":"https:\/\/ollercontract.com\/ca\/wp-json\/wp\/v2\/media?parent=607"}],"curies":[{"name":"wp","href":"https:\/\/api.w.org\/{rel}","templated":true}]}}