{"id":603,"date":"2017-12-12T10:41:37","date_gmt":"2017-12-12T10:41:37","guid":{"rendered":"http:\/\/ollercontract.pruebasweb.com.es\/inicio\/"},"modified":"2023-02-27T12:44:23","modified_gmt":"2023-02-27T11:44:23","slug":"inici","status":"publish","type":"page","link":"https:\/\/ollercontract.com\/ca\/","title":{"rendered":"Inici"},"content":{"rendered":"<p><div id=\"fusion-scroll-section-1\" class=\"fusion-scroll-section fusion-scroll-section\" data-section=\"1\" data-animation=\"fade\" data-speed=\"800\" ><div class=\"fusion-scroll-section-element active\" data-section=\"1\" data-element=\"1\" style=\"transition-duration:450ms;&quot;\" ><div id=\"bienvenida\" class=\"fusion-container-anchor\"><div class=\"fusion-fullwidth fullwidth-box fusion-builder-row-1 fusion-parallax-none nonhundred-percent-fullwidth hundred-percent-height hundred-percent-height-center-content hundred-percent-height-scrolling\" style=\"--awb-border-radius-top-left:0px;--awb-border-radius-top-right:0px;--awb-border-radius-bottom-right:0px;--awb-border-radius-bottom-left:0px;--awb-padding-top:100px;--awb-padding-bottom:100px;--awb-background-image:url(&quot;https:\/\/ollercontract.com\/wp-content\/uploads\/cortinas-parquet.jpg&quot;);--awb-background-size:cover;--awb-flex-wrap:wrap;\" ><div class=\"fusion-fullwidth-center-content\"><div class=\"fusion-builder-row fusion-row\"><div class=\"fusion-layout-column fusion_builder_column fusion-builder-column-0 fusion_builder_column_1_1 1_1 fusion-one-full fusion-column-first fusion-column-last\" style=\"--awb-bg-size:cover;--awb-margin-bottom:40px;\"><div class=\"fusion-column-wrapper fusion-flex-column-wrapper-legacy\"><div class=\"fusion-text fusion-text-1\"><h1 style=\"text-align: center;\"><span style=\"color: #ffffff; text-shadow: 1px 2px 2px rgba(11, 6, 6, 0.9), 0 0 10px rgba(0, 0, 0, 0.5);\">Cortines per a professionals i molt m\u00e9s<\/span><\/h1>\n<\/div><div class=\"fusion-sep-clear\"><\/div><div class=\"fusion-separator fusion-full-width-sep\" style=\"margin-left: auto;margin-right: auto;margin-top:-10px;margin-bottom:30px;width:100%;\"><div class=\"fusion-separator-border sep-single\" style=\"--awb-height:20px;--awb-amount:20px;border-color:#a5966f;border-top-width:5px;\"><\/div><\/div><div class=\"fusion-sep-clear\"><\/div><div class=\"fusion-text fusion-text-2\"><h2 style=\"text-align: center;\"><span style=\"color: #ffffff; text-shadow: 1px 2px 2px rgba(11, 6, 6, 0.9), 0 0 10px rgba(0, 0, 0, 0.5);\">Decoraci\u00f3 i t\u00e8xtil per al sector contract, interiorisme i retail<\/span><\/h2>\n<\/div><div class=\"fusion-text fusion-text-3\"><div class=\"caja\">M\u00e9s que prove\u00efdors: solucionadors. Coneix-nos i ens convertirem en el partner que fa m\u00e9s fluids els teus projectes decoratius.<\/div>\n<\/div><div class=\"fusion-sep-clear\"><\/div><div class=\"fusion-separator fusion-full-width-sep\" style=\"margin-left: auto;margin-right: auto;margin-top:60px;width:100%;\"><\/div><div class=\"fusion-sep-clear\"><\/div><div class=\"fusion-aligncenter\"><a class=\"fusion-button button-flat fusion-button-default-size button-default fusion-button-default button-1 fusion-button-default-span fusion-button-default-type fusion-animated\" data-animationType=\"zoomIn\" data-animationDuration=\"0.3\" data-animationOffset=\"top-into-view\" target=\"_self\" href=\"\/ca\/textil-canal-contract\/\"><span class=\"fusion-button-text awb-button__text awb-button__text--default\">Coneix-nos<\/span><\/a><\/div><div class=\"fusion-clearfix\"><\/div><\/div><\/div><\/div><\/div><\/div><\/div><\/div><div class=\"fusion-scroll-section-element\" data-section=\"1\" data-element=\"2\" style=\"transition-duration:450ms;&quot;\" ><div id=\"nuestrosservicios\" class=\"fusion-container-anchor\"><div class=\"fusion-fullwidth fullwidth-box fusion-builder-row-2 fusion-parallax-none nonhundred-percent-fullwidth hundred-percent-height hundred-percent-height-center-content hundred-percent-height-scrolling\" style=\"--awb-border-radius-top-left:0px;--awb-border-radius-top-right:0px;--awb-border-radius-bottom-right:0px;--awb-border-radius-bottom-left:0px;--awb-padding-top:100px;--awb-padding-bottom:100px;--awb-background-image:url(&quot;https:\/\/ollercontract.com\/wp-content\/uploads\/papel-pintado.jpg&quot;);--awb-background-size:cover;--awb-flex-wrap:wrap;\" ><div class=\"fusion-fullwidth-center-content\"><div class=\"fusion-builder-row fusion-row\"><div class=\"fusion-layout-column fusion_builder_column fusion-builder-column-1 fusion_builder_column_1_1 1_1 fusion-one-full fusion-column-first fusion-column-last\" style=\"--awb-bg-size:cover;\"><div class=\"fusion-column-wrapper fusion-flex-column-wrapper-legacy\"><div class=\"fusion-text fusion-text-4\"><div class=\"caja\" style=\"text-align: justify;\">Som una firma que recull l\u2019her\u00e8ncia familiar de m\u00e9s de 50 anys en els sector de la decoraci\u00f3. Ara, posem tota aquesta experi\u00e8ncia al servei d\u2019interioristes i decoradors amb un \u00fanic objectiu: avan\u00e7ar-nos a les teves necessitats per a fer m\u00e9s f\u00e0cil i din\u00e0mica l\u2019execuci\u00f3 dels teus projectes decoratius.<\/div>\n<\/div><div class=\"fusion-sep-clear\"><\/div><div class=\"fusion-separator fusion-full-width-sep\" style=\"margin-left: auto;margin-right: auto;margin-top:50px;margin-bottom:30px;width:100%;\"><div class=\"fusion-separator-border sep-single\" style=\"--awb-height:20px;--awb-amount:20px;border-color:#a5966f;border-top-width:5px;\"><\/div><\/div><div class=\"fusion-sep-clear\"><\/div><div class=\"fusion-text fusion-text-5\"><h3 class=\"caja\" style=\"text-align: center;\"><span style=\"color: #ffffff; text-shadow: 1px 2px 2px rgba(11, 6, 6, 0.9), 0 0 10px rgba(0, 0, 0, 0.5);\">Subministrem, instal\u2022lem, confeccionem i assessorem.<\/span><\/h3>\n<\/div><div class=\"fusion-aligncenter\"><a class=\"fusion-button button-flat fusion-button-default-size button-default fusion-button-default button-2 fusion-button-default-span fusion-button-default-type\" target=\"_self\" href=\"\/ca\/cortines-a-mida\/\"><span class=\"fusion-button-text awb-button__text awb-button__text--default\">Els nostres Serveis<\/span><\/a><\/div><div class=\"fusion-clearfix\"><\/div><\/div><\/div><\/div><\/div><\/div><\/div><\/div><div class=\"fusion-scroll-section-element\" data-section=\"1\" data-element=\"3\" style=\"transition-duration:450ms;&quot;\" ><div id=\"proyectos\" class=\"fusion-container-anchor\"><div class=\"fusion-fullwidth fullwidth-box fusion-builder-row-3 fusion-parallax-none nonhundred-percent-fullwidth hundred-percent-height hundred-percent-height-center-content hundred-percent-height-scrolling\" style=\"--awb-border-radius-top-left:0px;--awb-border-radius-top-right:0px;--awb-border-radius-bottom-right:0px;--awb-border-radius-bottom-left:0px;--awb-padding-top:100px;--awb-padding-bottom:100px;--awb-background-image:url(&quot;https:\/\/ollercontract.com\/wp-content\/uploads\/dormitorio-papel-pintura-parquet.jpg&quot;);--awb-background-size:cover;--awb-flex-wrap:wrap;\" ><div class=\"fusion-fullwidth-center-content\"><div class=\"fusion-builder-row fusion-row\"><div class=\"fusion-layout-column fusion_builder_column fusion-builder-column-2 fusion_builder_column_1_1 1_1 fusion-one-full fusion-column-first fusion-column-last\" style=\"--awb-bg-size:cover;--awb-margin-top:50px;\"><div class=\"fusion-column-wrapper fusion-flex-column-wrapper-legacy\"><div class=\"fusion-text fusion-text-6\"><div class=\"caja\">Hem treballat en desenes de projectes i aqu\u00ed te\u2019n mostrem una selecci\u00f3. Pots comprovar que la nostra manera de treballar \u00e9s flexible i a mida&#8230; Perqu\u00e8 som nosaltres els que ens hem d\u2019adaptar al teu projecte per a donar-te una soluci\u00f3, mai al rev\u00e9s.<\/div>\n<\/div><div class=\"fusion-sep-clear\"><\/div><div class=\"fusion-separator fusion-full-width-sep\" style=\"margin-left: auto;margin-right: auto;margin-top:30px;margin-bottom:30px;width:100%;\"><div class=\"fusion-separator-border sep-single\" style=\"--awb-height:20px;--awb-amount:20px;border-color:#a5966f;border-top-width:5px;\"><\/div><\/div><div class=\"fusion-sep-clear\"><\/div><div class=\"fusion-clearfix\"><\/div><\/div><\/div><div class=\"fusion-layout-column fusion_builder_column fusion-builder-column-3 fusion_builder_column_1_1 1_1 fusion-one-full fusion-column-first fusion-column-last\" style=\"--awb-bg-size:cover;\"><div class=\"fusion-column-wrapper fusion-flex-column-wrapper-legacy\"><style type=\"text\/css\">.fusion-portfolio-wrapper#fusion-portfolio-1 .fusion-portfolio-content{  text-align: center; }<\/style><div class=\"fusion-recent-works fusion-portfolio-element fusion-portfolio fusion-portfolio-1 fusion-portfolio-grid fusion-portfolio-paging-none fusion-portfolio-three fusion-portfolio-unboxed fusion-portfolio-text fusion-portfolio-equal-heights fusion-portfolio-rollover fusion-animated\" data-id=\"-rw-1\" data-columns=\"three\" data-animationType=\"fadeInUp\" data-animationDuration=\"0.3\" data-animationOffset=\"top-into-view\"><style type=\"text\/css\">.fusion-portfolio-1 .fusion-portfolio-wrapper .fusion-col-spacing{padding:5px;}<\/style><div class=\"fusion-portfolio-wrapper\" id=\"fusion-portfolio-1\" data-picturesize=\"fixed\" data-pages=\"3\" style=\"margin:-5px;\"><article id=\"portfolio-1-post-1885\" class=\"fusion-portfolio-post projectes fusion-col-spacing post-1885\"><div class=\"fusion-portfolio-content-wrapper\" style=\"border:none;\"><div  class=\"fusion-image-wrapper fusion-image-size-fixed\" aria-haspopup=\"true\">\n\t\t\t\t<img decoding=\"async\" width=\"300\" height=\"214\" src=\"https:\/\/ollercontract.com\/wp-content\/uploads\/interiorismo-comercial-biblio-300x214.jpg\" class=\"attachment-portfolio-three size-portfolio-three wp-post-image\" alt=\"Interiorisme comercial\" \/><div class=\"fusion-rollover\">\n\t<div class=\"fusion-rollover-content\">\n\n\t\t\t\t\n\t\t\n\t\t\t\t\t\t\t\t\t\t\t\t<h4 class=\"fusion-rollover-title\">\n\t\t\t\t\t<a class=\"fusion-rollover-title-link\" href=\"https:\/\/ollercontract.com\/ca\/proyecto\/biblioteca-screen-motoritzades\/\">\n\t\t\t\t\t\tBiblioteca &#8211; Screen motoritzades\t\t\t\t\t<\/a>\n\t\t\t\t<\/h4>\n\t\t\t\n\t\t\t\t\t\t\t\t\n\t\t\n\t\t\t\t\t\t<a class=\"fusion-link-wrapper\" href=\"https:\/\/ollercontract.com\/ca\/proyecto\/biblioteca-screen-motoritzades\/\" aria-label=\"Biblioteca &#8211; Screen motoritzades\"><\/a>\n\t<\/div>\n<\/div>\n<\/div>\n<div class=\"fusion-portfolio-content\"><h2 class=\"entry-title fusion-post-title\"><a href=\"https:\/\/ollercontract.com\/ca\/proyecto\/biblioteca-screen-motoritzades\/\">Biblioteca &#8211; Screen motoritzades<\/a><\/h2><div class=\"fusion-post-content\"><\/div><\/div><\/div><\/article><article id=\"portfolio-1-post-1834\" class=\"fusion-portfolio-post projectes fusion-col-spacing post-1834\"><div class=\"fusion-portfolio-content-wrapper\" style=\"border:none;\"><div  class=\"fusion-image-wrapper fusion-image-size-fixed\" aria-haspopup=\"true\">\n\t\t\t\t<img decoding=\"async\" width=\"300\" height=\"214\" src=\"https:\/\/ollercontract.com\/wp-content\/uploads\/interiorismo-contract-2-1-300x214.jpg\" class=\"attachment-portfolio-three size-portfolio-three wp-post-image\" alt=\"Interiorisme contract frontal\" \/><div class=\"fusion-rollover\">\n\t<div class=\"fusion-rollover-content\">\n\n\t\t\t\t\n\t\t\n\t\t\t\t\t\t\t\t\t\t\t\t<h4 class=\"fusion-rollover-title\">\n\t\t\t\t\t<a class=\"fusion-rollover-title-link\" href=\"https:\/\/ollercontract.com\/ca\/proyecto\/local-comercial-a-barcelona-interiorisme-contract\/\">\n\t\t\t\t\t\tLocal comercial a Barcelona &#8211; Interiorisme contract\t\t\t\t\t<\/a>\n\t\t\t\t<\/h4>\n\t\t\t\n\t\t\t\t\t\t\t\t\n\t\t\n\t\t\t\t\t\t<a class=\"fusion-link-wrapper\" href=\"https:\/\/ollercontract.com\/ca\/proyecto\/local-comercial-a-barcelona-interiorisme-contract\/\" aria-label=\"Local comercial a Barcelona &#8211; Interiorisme contract\"><\/a>\n\t<\/div>\n<\/div>\n<\/div>\n<div class=\"fusion-portfolio-content\"><h2 class=\"entry-title fusion-post-title\"><a href=\"https:\/\/ollercontract.com\/ca\/proyecto\/local-comercial-a-barcelona-interiorisme-contract\/\">Local comercial a Barcelona &#8211; Interiorisme contract<\/a><\/h2><div class=\"fusion-post-content\"><\/div><\/div><\/div><\/article><article id=\"portfolio-1-post-659\" class=\"fusion-portfolio-post projectes fusion-col-spacing post-659\"><div class=\"fusion-portfolio-content-wrapper\" style=\"border:none;\"><div  class=\"fusion-image-wrapper fusion-image-size-fixed\" aria-haspopup=\"true\">\n\t\t\t\t<img decoding=\"async\" width=\"300\" height=\"214\" src=\"https:\/\/ollercontract.com\/wp-content\/uploads\/DSC08864-300x214.jpg\" class=\"attachment-portfolio-three size-portfolio-three wp-post-image\" alt=\"decoracion de oficinas\" \/><div class=\"fusion-rollover\">\n\t<div class=\"fusion-rollover-content\">\n\n\t\t\t\t\n\t\t\n\t\t\t\t\t\t\t\t\t\t\t\t<h4 class=\"fusion-rollover-title\">\n\t\t\t\t\t<a class=\"fusion-rollover-title-link\" href=\"https:\/\/ollercontract.com\/ca\/proyecto\/elrow-unes-oficines-espectaculars\/\">\n\t\t\t\t\t\tElrow, unes oficines espectaculars\t\t\t\t\t<\/a>\n\t\t\t\t<\/h4>\n\t\t\t\n\t\t\t\t\t\t\t\t\n\t\t\n\t\t\t\t\t\t<a class=\"fusion-link-wrapper\" href=\"https:\/\/ollercontract.com\/ca\/proyecto\/elrow-unes-oficines-espectaculars\/\" aria-label=\"Elrow, unes oficines espectaculars\"><\/a>\n\t<\/div>\n<\/div>\n<\/div>\n<div class=\"fusion-portfolio-content\"><h2 class=\"entry-title fusion-post-title\"><a href=\"https:\/\/ollercontract.com\/ca\/proyecto\/elrow-unes-oficines-espectaculars\/\">Elrow, unes oficines espectaculars<\/a><\/h2><div class=\"fusion-post-content\"><\/div><\/div><\/div><\/article><\/div><\/div><div class=\"fusion-aligncenter\"><a class=\"fusion-button button-flat fusion-button-default-size button-default fusion-button-default button-3 fusion-button-default-span fusion-button-default-type\" target=\"_self\" href=\"\/ca\/confeccio-textil\/\"><span class=\"fusion-button-text awb-button__text awb-button__text--default\">Projectes<\/span><\/a><\/div><div class=\"fusion-clearfix\"><\/div><\/div><\/div><\/div><\/div><\/div><\/div><\/div><nav id=\"fusion-scroll-section-nav-1\" class=\"fusion-scroll-section-nav scroll-navigation-right\" data-section=\"1\" ><ul><li><a href=\"#fusion-scroll-section-element-1-1\" class=\"fusion-scroll-section-link\" data-name=\"Benvinguda\" data-element=\"1\"><span class=\"fusion-scroll-section-link-bullet\"><\/span><\/a><\/li><li><a href=\"#fusion-scroll-section-element-1-2\" class=\"fusion-scroll-section-link\" data-name=\"Nostres serveis\" data-element=\"2\"><span class=\"fusion-scroll-section-link-bullet\"><\/span><\/a><\/li><li><a href=\"#fusion-scroll-section-element-1-3\" class=\"fusion-scroll-section-link\" data-name=\"\u00daltims projectes\" data-element=\"3\"><span class=\"fusion-scroll-section-link-bullet\"><\/span><\/a><\/li><\/ul><\/nav><\/div><div class=\"fusion-fullwidth fullwidth-box fusion-builder-row-4 fusion-parallax-none nonhundred-percent-fullwidth non-hundred-percent-height-scrolling\" style=\"--awb-background-position:center bottom;--awb-border-radius-top-left:0px;--awb-border-radius-top-right:0px;--awb-border-radius-bottom-right:0px;--awb-border-radius-bottom-left:0px;--awb-padding-top:30px;--awb-padding-bottom:20px;--awb-background-color:rgba(70,71,74,0);--awb-background-image:url(&quot;https:\/\/ollercontract.com\/wp-content\/uploads\/fondo-footer.jpg&quot;);--awb-background-size:cover;--awb-flex-wrap:wrap;\" ><div class=\"fusion-builder-row fusion-row\"><div class=\"fusion-layout-column fusion_builder_column fusion-builder-column-4 fusion_builder_column_1_1 1_1 fusion-one-full fusion-column-first fusion-column-last\" style=\"--awb-bg-size:cover;\"><div class=\"fusion-column-wrapper fusion-flex-column-wrapper-legacy\"><div class=\"fusion-text fusion-text-7\"><div style=\"text-align: center;\"><img decoding=\"async\" style=\"vertical-align: baseline;\" src=\"\/img\/logo250.png\" alt=\"Logo Oller Contract\" \/> \u00a0\u00a0<span style=\"color: #ffffff;\"> Sant Jaume, 88-90 \u00b7\u00a008401 Granollers (Barcelona) \u00b7\u00a0<\/span><a href=\"tel:34938708605\">(+34) 938 708 605<\/a>\u00a0<span style=\"color: #ffffff;\">\u00b7<\/span>\u00a0<a href=\"mailto:info@ollercontract.com\">info@ollercontract.com<\/a><\/div>\n<\/div><div class=\"fusion-clearfix\"><\/div><\/div><\/div><\/div><\/div><\/p>\n","protected":false},"excerpt":{"rendered":"","protected":false},"author":2,"featured_media":0,"parent":0,"menu_order":0,"comment_status":"closed","ping_status":"closed","template":"100-width.php","meta":{"footnotes":""},"class_list":["post-603","page","type-page","status-publish","hentry"],"yoast_head":"<!-- This site is optimized with the Yoast SEO plugin v27.4 - https:\/\/yoast.com\/product\/yoast-seo-wordpress\/ -->\n<title>Cortines per a profesionals, decoraci\u00f3 i t\u00e8xtil \u2013 Oller Contract<\/title>\n<meta name=\"description\" content=\"Decoraci\u00f3 i t\u00e8xtil per al sector contract, retail i interiorisme. Especialistes en cortines per a hotels. El partner que fa m\u00e9s fluids els teus projectes decoratius.\" \/>\n<meta name=\"robots\" content=\"index, follow, max-snippet:-1, max-image-preview:large, max-video-preview:-1\" \/>\n<link rel=\"canonical\" href=\"https:\/\/ollercontract.com\/ca\/\" \/>\n<meta property=\"og:locale\" content=\"ca_ES\" \/>\n<meta property=\"og:type\" content=\"article\" \/>\n<meta property=\"og:title\" content=\"Cortines per a profesionals, decoraci\u00f3 i t\u00e8xtil \u2013 Oller Contract\" \/>\n<meta property=\"og:description\" content=\"Decoraci\u00f3 i t\u00e8xtil per al sector contract, retail i interiorisme. Especialistes en cortines per a hotels. El partner que fa m\u00e9s fluids els teus projectes decoratius.\" \/>\n<meta property=\"og:url\" content=\"https:\/\/ollercontract.com\/ca\/\" \/>\n<meta property=\"og:site_name\" content=\"Oller Decoraci\u00f3\" \/>\n<meta property=\"article:modified_time\" content=\"2023-02-27T11:44:23+00:00\" \/>\n<meta name=\"twitter:card\" content=\"summary_large_image\" \/>\n<meta name=\"twitter:label1\" content=\"Temps estimat de lectura\" \/>\n\t<meta name=\"twitter:data1\" content=\"4 minuts\" \/>\n<script type=\"application\/ld+json\" class=\"yoast-schema-graph\">{\"@context\":\"https:\\\/\\\/schema.org\",\"@graph\":[{\"@type\":\"WebPage\",\"@id\":\"https:\\\/\\\/ollercontract.com\\\/ca\\\/\",\"url\":\"https:\\\/\\\/ollercontract.com\\\/ca\\\/\",\"name\":\"Cortines per a profesionals, decoraci\u00f3 i t\u00e8xtil \u2013 Oller Contract\",\"isPartOf\":{\"@id\":\"https:\\\/\\\/ollercontract.com\\\/ca\\\/#website\"},\"datePublished\":\"2017-12-12T10:41:37+00:00\",\"dateModified\":\"2023-02-27T11:44:23+00:00\",\"description\":\"Decoraci\u00f3 i t\u00e8xtil per al sector contract, retail i interiorisme. Especialistes en cortines per a hotels. El partner que fa m\u00e9s fluids els teus projectes decoratius.\",\"breadcrumb\":{\"@id\":\"https:\\\/\\\/ollercontract.com\\\/ca\\\/#breadcrumb\"},\"inLanguage\":\"ca\",\"potentialAction\":[{\"@type\":\"ReadAction\",\"target\":[\"https:\\\/\\\/ollercontract.com\\\/ca\\\/\"]}]},{\"@type\":\"BreadcrumbList\",\"@id\":\"https:\\\/\\\/ollercontract.com\\\/ca\\\/#breadcrumb\",\"itemListElement\":[{\"@type\":\"ListItem\",\"position\":1,\"name\":\"Home\",\"item\":\"https:\\\/\\\/ollercontract.com\\\/ca\\\/\"},{\"@type\":\"ListItem\",\"position\":2,\"name\":\"Inici\"}]},{\"@type\":\"WebSite\",\"@id\":\"https:\\\/\\\/ollercontract.com\\\/ca\\\/#website\",\"url\":\"https:\\\/\\\/ollercontract.com\\\/ca\\\/\",\"name\":\"Oller Decoraci\u00f3\",\"description\":\"Tienda de pintura en Granollers\",\"potentialAction\":[{\"@type\":\"SearchAction\",\"target\":{\"@type\":\"EntryPoint\",\"urlTemplate\":\"https:\\\/\\\/ollercontract.com\\\/ca\\\/?s={search_term_string}\"},\"query-input\":{\"@type\":\"PropertyValueSpecification\",\"valueRequired\":true,\"valueName\":\"search_term_string\"}}],\"inLanguage\":\"ca\"}]}<\/script>\n<!-- \/ Yoast SEO plugin. -->","yoast_head_json":{"title":"Cortines per a profesionals, decoraci\u00f3 i t\u00e8xtil \u2013 Oller Contract","description":"Decoraci\u00f3 i t\u00e8xtil per al sector contract, retail i interiorisme. Especialistes en cortines per a hotels. El partner que fa m\u00e9s fluids els teus projectes decoratius.","robots":{"index":"index","follow":"follow","max-snippet":"max-snippet:-1","max-image-preview":"max-image-preview:large","max-video-preview":"max-video-preview:-1"},"canonical":"https:\/\/ollercontract.com\/ca\/","og_locale":"ca_ES","og_type":"article","og_title":"Cortines per a profesionals, decoraci\u00f3 i t\u00e8xtil \u2013 Oller Contract","og_description":"Decoraci\u00f3 i t\u00e8xtil per al sector contract, retail i interiorisme. Especialistes en cortines per a hotels. El partner que fa m\u00e9s fluids els teus projectes decoratius.","og_url":"https:\/\/ollercontract.com\/ca\/","og_site_name":"Oller Decoraci\u00f3","article_modified_time":"2023-02-27T11:44:23+00:00","twitter_card":"summary_large_image","twitter_misc":{"Temps estimat de lectura":"4 minuts"},"schema":{"@context":"https:\/\/schema.org","@graph":[{"@type":"WebPage","@id":"https:\/\/ollercontract.com\/ca\/","url":"https:\/\/ollercontract.com\/ca\/","name":"Cortines per a profesionals, decoraci\u00f3 i t\u00e8xtil \u2013 Oller Contract","isPartOf":{"@id":"https:\/\/ollercontract.com\/ca\/#website"},"datePublished":"2017-12-12T10:41:37+00:00","dateModified":"2023-02-27T11:44:23+00:00","description":"Decoraci\u00f3 i t\u00e8xtil per al sector contract, retail i interiorisme. Especialistes en cortines per a hotels. El partner que fa m\u00e9s fluids els teus projectes decoratius.","breadcrumb":{"@id":"https:\/\/ollercontract.com\/ca\/#breadcrumb"},"inLanguage":"ca","potentialAction":[{"@type":"ReadAction","target":["https:\/\/ollercontract.com\/ca\/"]}]},{"@type":"BreadcrumbList","@id":"https:\/\/ollercontract.com\/ca\/#breadcrumb","itemListElement":[{"@type":"ListItem","position":1,"name":"Home","item":"https:\/\/ollercontract.com\/ca\/"},{"@type":"ListItem","position":2,"name":"Inici"}]},{"@type":"WebSite","@id":"https:\/\/ollercontract.com\/ca\/#website","url":"https:\/\/ollercontract.com\/ca\/","name":"Oller Decoraci\u00f3","description":"Tienda de pintura en Granollers","potentialAction":[{"@type":"SearchAction","target":{"@type":"EntryPoint","urlTemplate":"https:\/\/ollercontract.com\/ca\/?s={search_term_string}"},"query-input":{"@type":"PropertyValueSpecification","valueRequired":true,"valueName":"search_term_string"}}],"inLanguage":"ca"}]}},"_links":{"self":[{"href":"https:\/\/ollercontract.com\/ca\/wp-json\/wp\/v2\/pages\/603","targetHints":{"allow":["GET"]}}],"collection":[{"href":"https:\/\/ollercontract.com\/ca\/wp-json\/wp\/v2\/pages"}],"about":[{"href":"https:\/\/ollercontract.com\/ca\/wp-json\/wp\/v2\/types\/page"}],"author":[{"embeddable":true,"href":"https:\/\/ollercontract.com\/ca\/wp-json\/wp\/v2\/users\/2"}],"replies":[{"embeddable":true,"href":"https:\/\/ollercontract.com\/ca\/wp-json\/wp\/v2\/comments?post=603"}],"version-history":[{"count":1,"href":"https:\/\/ollercontract.com\/ca\/wp-json\/wp\/v2\/pages\/603\/revisions"}],"predecessor-version":[{"id":3052,"href":"https:\/\/ollercontract.com\/ca\/wp-json\/wp\/v2\/pages\/603\/revisions\/3052"}],"wp:attachment":[{"href":"https:\/\/ollercontract.com\/ca\/wp-json\/wp\/v2\/media?parent=603"}],"curies":[{"name":"wp","href":"https:\/\/api.w.org\/{rel}","templated":true}]}}